{"id":225745,"date":"2021-10-06T16:19:24","date_gmt":"2021-10-06T14:19:24","guid":{"rendered":"https:\/\/megacase.com\/?post_type=product&#038;p=225745"},"modified":"2026-03-25T16:26:58","modified_gmt":"2026-03-25T15:26:58","slug":"flightcase-roland-dj-202","status":"publish","type":"product","link":"https:\/\/megacase.com\/de\/produkt\/flightcase-roland-dj-202\/","title":{"rendered":"Flightcase Roland DJ-202"},"content":{"rendered":"<p>Controller Case mit Kabelkanal f\u00fcr einen Roland DJ 202 Controller<br \/>\nAlle Anschl\u00fcsse sind direkt im Case erreichbar. Eine Frontklappe erm\u00f6glicht auch den Zugriff auf die vorderen Anschl\u00fcsse.<br \/>\naus 6,5 mm Birkenmultiplex Phenolharz beschichtet<br \/>\nFarbe: braun<br \/>\n22&#215;22 mm Alukante<br \/>\n4 gefederte Butterfly Verschl\u00fcsse klein<br \/>\n1 Ledergriff<br \/>\n8 Stahlkugelecken klein<br \/>\n4 Gummif\u00fc\u00dfe 38&#215;11 mm<br \/>\nSchaumstoff<br \/>\nPlatz f\u00fcr Kabel<br \/>\nhergestellt in Deutschland<br \/>\nAu\u00dfenma\u00dfe BxTxH: ca. 536 x 466 x 148 mm<br \/>\nGewicht: ca. 5,2 kg<\/p>\n<p>Hinweis: Abgebildete Ger\u00e4te und Instrumente dienen lediglich der Veranschaulichung und sind nicht Bestandteil des Angebotes.<\/p>\n","protected":false},"excerpt":{"rendered":"<p>Controller Case mit Kabelkanal f\u00fcr einen Roland DJ 202 Controller Alle Anschl\u00fcsse sind direkt im Case erreichbar. Eine Frontklappe erm\u00f6glicht<\/p>\n","protected":false},"featured_media":225750,"template":"","meta":{"_acf_changed":false},"product_brand":[],"product_cat":[13493],"product_tag":[],"class_list":{"0":"post-225745","1":"product","2":"type-product","3":"status-publish","4":"has-post-thumbnail","6":"product_cat-dj-equipment-cases","8":"first","9":"instock","10":"taxable","11":"shipping-taxable","12":"purchasable","13":"product-type-simple"},"acf":[],"_links":{"self":[{"href":"https:\/\/megacase.com\/de\/wp-json\/wp\/v2\/product\/225745","targetHints":{"allow":["GET"]}}],"collection":[{"href":"https:\/\/megacase.com\/de\/wp-json\/wp\/v2\/product"}],"about":[{"href":"https:\/\/megacase.com\/de\/wp-json\/wp\/v2\/types\/product"}],"wp:featuredmedia":[{"embeddable":true,"href":"https:\/\/megacase.com\/de\/wp-json\/wp\/v2\/media\/225750"}],"wp:attachment":[{"href":"https:\/\/megacase.com\/de\/wp-json\/wp\/v2\/media?parent=225745"}],"wp:term":[{"taxonomy":"product_brand","embeddable":true,"href":"https:\/\/megacase.com\/de\/wp-json\/wp\/v2\/product_brand?post=225745"},{"taxonomy":"product_cat","embeddable":true,"href":"https:\/\/megacase.com\/de\/wp-json\/wp\/v2\/product_cat?post=225745"},{"taxonomy":"product_tag","embeddable":true,"href":"https:\/\/megacase.com\/de\/wp-json\/wp\/v2\/product_tag?post=225745"}],"curies":[{"name":"wp","href":"https:\/\/api.w.org\/{rel}","templated":true}]}}