{"id":225136,"date":"2021-10-05T13:18:51","date_gmt":"2021-10-05T11:18:51","guid":{"rendered":"https:\/\/megacase.com\/?post_type=product&#038;p=225136"},"modified":"2026-03-25T16:27:03","modified_gmt":"2026-03-25T15:27:03","slug":"case-yamaha-gns-ms01","status":"publish","type":"product","link":"https:\/\/megacase.com\/de\/produkt\/case-yamaha-gns-ms01\/","title":{"rendered":"Case Yamaha GNS MS01"},"content":{"rendered":"<p>passendes Truhencase f\u00fcr ein Yamaha GNS MS01 mit Zubeh\u00f6rfach f\u00fcr Kabel etc.<br \/>\naus 6,8 mm Birkenmultiplex Phenolharz beschichtet<br \/>\nFarbe: braun<br \/>\n30&#215;30 mm Alukante<br \/>\n2 Butterfly mittel<br \/>\n2 Feststellscharnier gro\u00df<br \/>\n2 Klappgriff mittel<br \/>\n4 Kugelecke medium<br \/>\n4 Kugelecke mit integrierter L-Ecke medium<br \/>\nInnenausbau<br \/>\nSchaumstoffpolsterung<br \/>\n10 cm Zubeh\u00f6rfach f\u00fcr Kabel etc.<br \/>\nhergestellt in Deutschland<br \/>\nAu\u00dfenma\u00dfe BxTxH ca. 825 x 415 x 295 mm<br \/>\nGewicht: ca. 12,4 kg<\/p>\n","protected":false},"excerpt":{"rendered":"<p>passendes Truhencase f\u00fcr ein Yamaha GNS MS01 mit Zubeh\u00f6rfach f\u00fcr Kabel etc. aus 6,8 mm Birkenmultiplex Phenolharz beschichtet Farbe: braun<\/p>\n","protected":false},"featured_media":225193,"template":"","meta":{"_acf_changed":false},"product_brand":[],"product_cat":[13579],"product_tag":[],"class_list":{"0":"post-225136","1":"product","2":"type-product","3":"status-publish","4":"has-post-thumbnail","6":"product_cat-audio-cases","8":"first","9":"instock","10":"taxable","11":"shipping-taxable","12":"purchasable","13":"product-type-simple"},"acf":[],"_links":{"self":[{"href":"https:\/\/megacase.com\/de\/wp-json\/wp\/v2\/product\/225136","targetHints":{"allow":["GET"]}}],"collection":[{"href":"https:\/\/megacase.com\/de\/wp-json\/wp\/v2\/product"}],"about":[{"href":"https:\/\/megacase.com\/de\/wp-json\/wp\/v2\/types\/product"}],"wp:featuredmedia":[{"embeddable":true,"href":"https:\/\/megacase.com\/de\/wp-json\/wp\/v2\/media\/225193"}],"wp:attachment":[{"href":"https:\/\/megacase.com\/de\/wp-json\/wp\/v2\/media?parent=225136"}],"wp:term":[{"taxonomy":"product_brand","embeddable":true,"href":"https:\/\/megacase.com\/de\/wp-json\/wp\/v2\/product_brand?post=225136"},{"taxonomy":"product_cat","embeddable":true,"href":"https:\/\/megacase.com\/de\/wp-json\/wp\/v2\/product_cat?post=225136"},{"taxonomy":"product_tag","embeddable":true,"href":"https:\/\/megacase.com\/de\/wp-json\/wp\/v2\/product_tag?post=225136"}],"curies":[{"name":"wp","href":"https:\/\/api.w.org\/{rel}","templated":true}]}}