{"id":222430,"date":"2021-08-04T10:43:05","date_gmt":"2021-08-04T08:43:05","guid":{"rendered":"https:\/\/megacase.com\/?post_type=product&#038;p=222430"},"modified":"2026-03-25T16:27:11","modified_gmt":"2026-03-25T15:27:11","slug":"flightcase-obsidian-nx-wing","status":"publish","type":"product","link":"https:\/\/megacase.com\/de\/produkt\/flightcase-obsidian-nx-wing\/","title":{"rendered":"Flightcase Obsidian NX Wing"},"content":{"rendered":"<p>passendes Haubencase f\u00fcr ein Obsidian NX Wing<br \/>\naus 6,8 mm Birkenmultiplex PVC beschichtet<br \/>\nFarbe: schwarz<br \/>\n30 x 30 mm Alukante<br \/>\n4 Butterfly-Verschl\u00fcsse medium<br \/>\n3 Klappgriffe medium<br \/>\n8 Kugelecken medium<br \/>\n4 Gummif\u00fc\u00dfe 38 x 20 mm<br \/>\n130mm tiefen Kabelkanal hinten<br \/>\nalle Anschl\u00fcsse frei zug\u00e4nglich<br \/>\nmit einer Monitorbr\u00fccke inkl. Vesabohrung<br \/>\nmax. Ma\u00dfe f\u00fcr den Monitor: 540 x 320 x 50 mm<br \/>\nL\u00f6cher f\u00fcr die Kabelf\u00fchrung in der Monitorbr\u00fccke<br \/>\nSchaumstoffpolsterung passend f\u00fcr Obsidian NX Wing<br \/>\nhergestellt in Deutschland<br \/>\nAu\u00dfenma\u00dfe BxTxH ca.: 635 x 535 x 291 mm<br \/>\nGewicht ca.: 14,9 kg<\/p>\n","protected":false},"excerpt":{"rendered":"<p>passendes Haubencase f\u00fcr ein Obsidian NX Wing aus 6,8 mm Birkenmultiplex PVC beschichtet Farbe: schwarz 30 x 30 mm Alukante<\/p>\n","protected":false},"featured_media":222435,"template":"","meta":{"_acf_changed":false},"product_brand":[],"product_cat":[13495],"product_tag":[],"class_list":{"0":"post-222430","1":"product","2":"type-product","3":"status-publish","4":"has-post-thumbnail","6":"product_cat-mischpult-cases","8":"first","9":"instock","10":"taxable","11":"shipping-taxable","12":"purchasable","13":"product-type-simple"},"acf":[],"_links":{"self":[{"href":"https:\/\/megacase.com\/de\/wp-json\/wp\/v2\/product\/222430","targetHints":{"allow":["GET"]}}],"collection":[{"href":"https:\/\/megacase.com\/de\/wp-json\/wp\/v2\/product"}],"about":[{"href":"https:\/\/megacase.com\/de\/wp-json\/wp\/v2\/types\/product"}],"wp:featuredmedia":[{"embeddable":true,"href":"https:\/\/megacase.com\/de\/wp-json\/wp\/v2\/media\/222435"}],"wp:attachment":[{"href":"https:\/\/megacase.com\/de\/wp-json\/wp\/v2\/media?parent=222430"}],"wp:term":[{"taxonomy":"product_brand","embeddable":true,"href":"https:\/\/megacase.com\/de\/wp-json\/wp\/v2\/product_brand?post=222430"},{"taxonomy":"product_cat","embeddable":true,"href":"https:\/\/megacase.com\/de\/wp-json\/wp\/v2\/product_cat?post=222430"},{"taxonomy":"product_tag","embeddable":true,"href":"https:\/\/megacase.com\/de\/wp-json\/wp\/v2\/product_tag?post=222430"}],"curies":[{"name":"wp","href":"https:\/\/api.w.org\/{rel}","templated":true}]}}