{"id":222302,"date":"2021-08-03T16:30:36","date_gmt":"2021-08-03T14:30:36","guid":{"rendered":"https:\/\/megacase.com\/?post_type=product&#038;p=222302"},"modified":"2026-03-25T16:27:14","modified_gmt":"2026-03-25T15:27:14","slug":"studio-rack-12u-backdoor-maple","status":"publish","type":"product","link":"https:\/\/megacase.com\/de\/produkt\/studio-rack-12u-backdoor-maple\/","title":{"rendered":"Studio Rack 12U backdoor maple"},"content":{"rendered":"<p>Eine abschlie\u00dfbare T\u00fcr f\u00fcr die R\u00fcckseite eines 12 HE Studio M\u00f6bel Rack 50<br \/>\nMaterial: melaminbeschichtete M\u00f6belplatte<br \/>\nFarbe: Ahorn<br \/>\nPlattenst\u00e4rke: 19 mm<br \/>\nLieferumfang:<br \/>\n1 T\u00fcrblatt<br \/>\n2 T\u00fcrscharniere montiert,<br \/>\n1 Schloss mit 2 Schl\u00fcsseln montiert.<br \/>\n1 Schlie\u00dfblech zur Selbstmontage,<br \/>\nBefestigungsschrauben zur Montage am Rack.<br \/>\nHergestellt in Deutschland.<\/p>\n","protected":false},"excerpt":{"rendered":"<p>Eine abschlie\u00dfbare T\u00fcr f\u00fcr die R\u00fcckseite eines 12 HE Studio M\u00f6bel Rack 50 Material: melaminbeschichtete M\u00f6belplatte Farbe: Ahorn Plattenst\u00e4rke: 19<\/p>\n","protected":false},"featured_media":222306,"template":"","meta":{"_acf_changed":false},"product_brand":[],"product_cat":[15472],"product_tag":[],"class_list":{"0":"post-222302","1":"product","2":"type-product","3":"status-publish","4":"has-post-thumbnail","6":"product_cat-studio-equipment-2","8":"first","9":"instock","10":"taxable","11":"shipping-taxable","12":"purchasable","13":"product-type-simple"},"acf":[],"_links":{"self":[{"href":"https:\/\/megacase.com\/de\/wp-json\/wp\/v2\/product\/222302","targetHints":{"allow":["GET"]}}],"collection":[{"href":"https:\/\/megacase.com\/de\/wp-json\/wp\/v2\/product"}],"about":[{"href":"https:\/\/megacase.com\/de\/wp-json\/wp\/v2\/types\/product"}],"wp:featuredmedia":[{"embeddable":true,"href":"https:\/\/megacase.com\/de\/wp-json\/wp\/v2\/media\/222306"}],"wp:attachment":[{"href":"https:\/\/megacase.com\/de\/wp-json\/wp\/v2\/media?parent=222302"}],"wp:term":[{"taxonomy":"product_brand","embeddable":true,"href":"https:\/\/megacase.com\/de\/wp-json\/wp\/v2\/product_brand?post=222302"},{"taxonomy":"product_cat","embeddable":true,"href":"https:\/\/megacase.com\/de\/wp-json\/wp\/v2\/product_cat?post=222302"},{"taxonomy":"product_tag","embeddable":true,"href":"https:\/\/megacase.com\/de\/wp-json\/wp\/v2\/product_tag?post=222302"}],"curies":[{"name":"wp","href":"https:\/\/api.w.org\/{rel}","templated":true}]}}