{"id":221915,"date":"2021-08-03T06:47:51","date_gmt":"2021-08-03T04:47:51","guid":{"rendered":"https:\/\/megacase.com\/?post_type=product&#038;p=221915"},"modified":"2026-03-25T16:19:17","modified_gmt":"2026-03-25T15:19:17","slug":"studio-rack-10u-50-beech","status":"publish","type":"product","link":"https:\/\/megacase.com\/de\/produkt\/studio-rack-10u-50-beech\/","title":{"rendered":"Studio Rack 10U 50 beech"},"content":{"rendered":"<p>Studio M\u00f6bel Rack 10 HE<br \/>\nBausatz zur Selbstmontage<br \/>\nMaterial: melaminbeschichtete M\u00f6belplatte<br \/>\nFarbe: Graphit<br \/>\nPlattenst\u00e4rke: 19 mm<br \/>\nstufenlose Rackschiene mit Gummikeder 10 HE<br \/>\ninkl. Schraubensatz<br \/>\nAufbauanleitung<br \/>\nEinbautiefe bis 495 mm frei w\u00e4hlbar<br \/>\n5 cm M\u00f6belsockel<br \/>\nhergestellt in Deutschland<br \/>\nauch in anderen Farben lieferbar<br \/>\nAu\u00dfenma\u00dfe (BxHxT): 540 x 545 x 500 mm<br \/>\nGewicht ca. 16,3 kg<\/p>\n<p>Als Zubeh\u00f6r erh\u00e4ltlich:<br \/>\nGlast\u00fcre abschlie\u00dfbar<br \/>\nHolzt\u00fcr in Korpusfarbe abschlie\u00dfbar<\/p>\n","protected":false},"excerpt":{"rendered":"<p>Studio M\u00f6bel Rack 10 HE Bausatz zur Selbstmontage Material: melaminbeschichtete M\u00f6belplatte Farbe: Graphit Plattenst\u00e4rke: 19 mm stufenlose Rackschiene mit Gummikeder<\/p>\n","protected":false},"featured_media":221932,"template":"","meta":{"_acf_changed":false},"product_brand":[],"product_cat":[15472],"product_tag":[],"class_list":{"0":"post-221915","1":"product","2":"type-product","3":"status-publish","4":"has-post-thumbnail","6":"product_cat-studio-equipment-2","8":"first","9":"instock","10":"taxable","11":"shipping-taxable","12":"purchasable","13":"product-type-simple"},"acf":[],"_links":{"self":[{"href":"https:\/\/megacase.com\/de\/wp-json\/wp\/v2\/product\/221915","targetHints":{"allow":["GET"]}}],"collection":[{"href":"https:\/\/megacase.com\/de\/wp-json\/wp\/v2\/product"}],"about":[{"href":"https:\/\/megacase.com\/de\/wp-json\/wp\/v2\/types\/product"}],"wp:featuredmedia":[{"embeddable":true,"href":"https:\/\/megacase.com\/de\/wp-json\/wp\/v2\/media\/221932"}],"wp:attachment":[{"href":"https:\/\/megacase.com\/de\/wp-json\/wp\/v2\/media?parent=221915"}],"wp:term":[{"taxonomy":"product_brand","embeddable":true,"href":"https:\/\/megacase.com\/de\/wp-json\/wp\/v2\/product_brand?post=221915"},{"taxonomy":"product_cat","embeddable":true,"href":"https:\/\/megacase.com\/de\/wp-json\/wp\/v2\/product_cat?post=221915"},{"taxonomy":"product_tag","embeddable":true,"href":"https:\/\/megacase.com\/de\/wp-json\/wp\/v2\/product_tag?post=221915"}],"curies":[{"name":"wp","href":"https:\/\/api.w.org\/{rel}","templated":true}]}}