{"id":219972,"date":"2021-06-29T15:02:14","date_gmt":"2021-06-29T13:02:14","guid":{"rendered":"https:\/\/megacase.com\/?post_type=product&#038;p=219972"},"modified":"2026-03-25T16:19:28","modified_gmt":"2026-03-25T15:19:28","slug":"flightcase-reitsattel-2in1","status":"publish","type":"product","link":"https:\/\/megacase.com\/de\/produkt\/flightcase-reitsattel-2in1\/","title":{"rendered":"Flightcase Reitsattel 2in1"},"content":{"rendered":"<p>passendes Single Door Case zum verstauen von zwei Reitsattel<br \/>\ntiefe f\u00fcr den Sattel: 540 mm<br \/>\nAbst\u00e4nde zwischen den Haltern: 400 mm<br \/>\n9 mm Birkenmultiplex beschichtet<br \/>\nFarbe: <a href=\"https:\/\/megacase.com\/de\/farben-beschichtungen\/\">frei w\u00e4hlbar<\/a><br \/>\n30 x 30 mm Alukante<br \/>\n4 Butterfly-Verschl\u00fcsse mittel mit \u00d6se f\u00fcr ein Vorh\u00e4ngeschloss<br \/>\n4 Klappgriffe mittel<br \/>\n8 Kugelecken gro\u00df<br \/>\noben ein Ablagefach mit einer H\u00f6he von ca.: 100 mm<br \/>\nHergestellt in Deutschland<br \/>\nAu\u00dfenma\u00dfe BxTxH ca.: 850 x 645 x 1302 mm<br \/>\nGewicht ca.: 48,4 kg<\/p>\n<h4>Bei einer Bestellung bitte die gew\u00fcnschte Farbe im Kommentarfeld angeben<\/h4>\n","protected":false},"excerpt":{"rendered":"<p>passendes Single Door Case zum verstauen von zwei Reitsattel tiefe f\u00fcr den Sattel: 540 mm Abst\u00e4nde zwischen den Haltern: 400<\/p>\n","protected":false},"featured_media":219993,"template":"","meta":{"_acf_changed":false},"product_brand":[],"product_cat":[13508],"product_tag":[],"class_list":{"0":"post-219972","1":"product","2":"type-product","3":"status-publish","4":"has-post-thumbnail","6":"product_cat-universal-flightcases","7":"product_shipping_class-palettenversand","9":"first","10":"instock","11":"taxable","12":"shipping-taxable","13":"purchasable","14":"product-type-simple"},"acf":[],"_links":{"self":[{"href":"https:\/\/megacase.com\/de\/wp-json\/wp\/v2\/product\/219972","targetHints":{"allow":["GET"]}}],"collection":[{"href":"https:\/\/megacase.com\/de\/wp-json\/wp\/v2\/product"}],"about":[{"href":"https:\/\/megacase.com\/de\/wp-json\/wp\/v2\/types\/product"}],"wp:featuredmedia":[{"embeddable":true,"href":"https:\/\/megacase.com\/de\/wp-json\/wp\/v2\/media\/219993"}],"wp:attachment":[{"href":"https:\/\/megacase.com\/de\/wp-json\/wp\/v2\/media?parent=219972"}],"wp:term":[{"taxonomy":"product_brand","embeddable":true,"href":"https:\/\/megacase.com\/de\/wp-json\/wp\/v2\/product_brand?post=219972"},{"taxonomy":"product_cat","embeddable":true,"href":"https:\/\/megacase.com\/de\/wp-json\/wp\/v2\/product_cat?post=219972"},{"taxonomy":"product_tag","embeddable":true,"href":"https:\/\/megacase.com\/de\/wp-json\/wp\/v2\/product_tag?post=219972"}],"curies":[{"name":"wp","href":"https:\/\/api.w.org\/{rel}","templated":true}]}}