{"id":219792,"date":"2021-06-28T15:39:53","date_gmt":"2021-06-28T13:39:53","guid":{"rendered":"https:\/\/megacase.com\/?post_type=product&#038;p=219792"},"modified":"2026-03-25T16:19:29","modified_gmt":"2026-03-25T15:19:29","slug":"flightcase-blumentopf-30","status":"publish","type":"product","link":"https:\/\/megacase.com\/de\/produkt\/flightcase-blumentopf-30\/","title":{"rendered":"Flightcase Blumentopf 30"},"content":{"rendered":"<h3>stylischer Blumentopf im Flightcase Design mit Innentopfsetzen Sie umwerfende Akzente und sorgen f\u00fcr spannende Highlights in Ihrem Zuhause oder im B\u00fcro<\/h3>\n<p>Sie eignen sich optimal als \u00dcbertopf f\u00fcr eine Gr\u00fcnpflanze, sind allerdings nicht wasserdicht<br \/>\nLieferung erfolgt mit eingebautem Innentopf.<br \/>\n6,8 mm Birkenmultiplex beschichtet<br \/>\nFarbe: <a href=\"https:\/\/megacase.com\/de\/farben-beschichtungen\/\">frei w\u00e4hlbar<\/a><br \/>\n8 Kugelecken mittel<br \/>\n4 Gummif\u00fc\u00dfe 38&#215;25 mm<br \/>\nhergestellt in Deutschland<br \/>\nAu\u00dfenma\u00dfe BxTxH ca.: 335 x 335 x 275 mm<br \/>\nGewicht ca.: 3,8 kg<\/p>\n<h4>Bei einer Bestellung bitte die gew\u00fcnschte Farbe im Kommentarfeld angeben<\/h4>\n","protected":false},"excerpt":{"rendered":"<p>stylischer Blumentopf im Flightcase Design mit Innentopfsetzen Sie umwerfende Akzente und sorgen f\u00fcr spannende Highlights in Ihrem Zuhause oder im<\/p>\n","protected":false},"featured_media":219813,"template":"","meta":{"_acf_changed":false},"product_brand":[],"product_cat":[15014,15370],"product_tag":[],"class_list":{"0":"post-219792","1":"product","2":"type-product","3":"status-publish","4":"has-post-thumbnail","6":"product_cat-casemoebel","7":"product_cat-fun-cases","9":"first","10":"instock","11":"taxable","12":"shipping-taxable","13":"purchasable","14":"product-type-simple"},"acf":[],"_links":{"self":[{"href":"https:\/\/megacase.com\/de\/wp-json\/wp\/v2\/product\/219792","targetHints":{"allow":["GET"]}}],"collection":[{"href":"https:\/\/megacase.com\/de\/wp-json\/wp\/v2\/product"}],"about":[{"href":"https:\/\/megacase.com\/de\/wp-json\/wp\/v2\/types\/product"}],"wp:featuredmedia":[{"embeddable":true,"href":"https:\/\/megacase.com\/de\/wp-json\/wp\/v2\/media\/219813"}],"wp:attachment":[{"href":"https:\/\/megacase.com\/de\/wp-json\/wp\/v2\/media?parent=219792"}],"wp:term":[{"taxonomy":"product_brand","embeddable":true,"href":"https:\/\/megacase.com\/de\/wp-json\/wp\/v2\/product_brand?post=219792"},{"taxonomy":"product_cat","embeddable":true,"href":"https:\/\/megacase.com\/de\/wp-json\/wp\/v2\/product_cat?post=219792"},{"taxonomy":"product_tag","embeddable":true,"href":"https:\/\/megacase.com\/de\/wp-json\/wp\/v2\/product_tag?post=219792"}],"curies":[{"name":"wp","href":"https:\/\/api.w.org\/{rel}","templated":true}]}}