{"id":219747,"date":"2021-06-28T15:30:20","date_gmt":"2021-06-28T13:30:20","guid":{"rendered":"https:\/\/megacase.com\/?post_type=product&#038;p=219747"},"modified":"2026-03-25T16:19:29","modified_gmt":"2026-03-25T15:19:29","slug":"flightcase-blumentopf-40","status":"publish","type":"product","link":"https:\/\/megacase.com\/de\/produkt\/flightcase-blumentopf-40\/","title":{"rendered":"Flightcase Blumentopf 40"},"content":{"rendered":"<h3>stylischer Blumentopf im Flightcase Design mit Innentopf auf Rollen<\/h3>\n<p>setzen Sie umwerfende Akzente und sorgen f\u00fcr spannende Highlights in Ihrem Zuhause oder im B\u00fcro<br \/>\nSie eignen sich optimal als \u00dcbertopf f\u00fcr eine Gr\u00fcnpflanze, sind allerdings nicht wasserdicht<br \/>\nLieferung erfolgt mit eingebautem Innentopf.<br \/>\n6,8 mm Birkenmultiplex beschichtet<br \/>\nFarbe:<a href=\"https:\/\/megacase.com\/de\/farben-beschichtungen\/\"> frei w\u00e4hlbar<\/a><br \/>\n8 Kugelecken mittel<br \/>\n4 Lenkrollen 50mm alle gebremst<br \/>\nhergestellt in Deutschland<br \/>\nAu\u00dfenma\u00dfe BxTxH ca.: 485 x 485 x 425 mm<br \/>\nGewicht ca.: 7 kg<\/p>\n<h4>Bei einer Bestellung bitte die gew\u00fcnschte Farbe im Kommentarfeld angeben<\/h4>\n","protected":false},"excerpt":{"rendered":"<p>stylischer Blumentopf im Flightcase Design mit Innentopf auf Rollen setzen Sie umwerfende Akzente und sorgen f\u00fcr spannende Highlights in Ihrem<\/p>\n","protected":false},"featured_media":219784,"template":"","meta":{"_acf_changed":false},"product_brand":[],"product_cat":[15014,15370],"product_tag":[],"class_list":{"0":"post-219747","1":"product","2":"type-product","3":"status-publish","4":"has-post-thumbnail","6":"product_cat-casemoebel","7":"product_cat-fun-cases","9":"first","10":"instock","11":"taxable","12":"shipping-taxable","13":"purchasable","14":"product-type-simple"},"acf":[],"_links":{"self":[{"href":"https:\/\/megacase.com\/de\/wp-json\/wp\/v2\/product\/219747","targetHints":{"allow":["GET"]}}],"collection":[{"href":"https:\/\/megacase.com\/de\/wp-json\/wp\/v2\/product"}],"about":[{"href":"https:\/\/megacase.com\/de\/wp-json\/wp\/v2\/types\/product"}],"wp:featuredmedia":[{"embeddable":true,"href":"https:\/\/megacase.com\/de\/wp-json\/wp\/v2\/media\/219784"}],"wp:attachment":[{"href":"https:\/\/megacase.com\/de\/wp-json\/wp\/v2\/media?parent=219747"}],"wp:term":[{"taxonomy":"product_brand","embeddable":true,"href":"https:\/\/megacase.com\/de\/wp-json\/wp\/v2\/product_brand?post=219747"},{"taxonomy":"product_cat","embeddable":true,"href":"https:\/\/megacase.com\/de\/wp-json\/wp\/v2\/product_cat?post=219747"},{"taxonomy":"product_tag","embeddable":true,"href":"https:\/\/megacase.com\/de\/wp-json\/wp\/v2\/product_tag?post=219747"}],"curies":[{"name":"wp","href":"https:\/\/api.w.org\/{rel}","templated":true}]}}