{"id":219701,"date":"2021-06-28T15:01:12","date_gmt":"2021-06-28T13:01:12","guid":{"rendered":"https:\/\/megacase.com\/?post_type=product&#038;p=219701"},"modified":"2026-03-25T16:19:30","modified_gmt":"2026-03-25T15:19:30","slug":"inlay-shure-qlxd-2-2","status":"publish","type":"product","link":"https:\/\/megacase.com\/de\/produkt\/inlay-shure-qlxd-2-2\/","title":{"rendered":"Inlay Shure QLXD 2\/2"},"content":{"rendered":"<h3>Gefr\u00e4stes Schaumstoffinlay<\/h3>\n<p>passend f\u00fcr 2HE Rackschublade mit Vollauszug oder Inlay System Koffer<br \/>\nf\u00fcr 2 Shure Hand\/Taschensender ULXD1, ULXD2, QLXD2 \/ QLXD1 mit SM58\/86 \/ Beta58\/87 Kapsel<br \/>\nzweifarbiger Schaumstoff schwarz\/rot<br \/>\nZubeh\u00f6rfach<br \/>\nAusfr\u00e4sung f\u00fcr Ersatzbatterien<br \/>\nhergestellt in Deutschland<\/p>\n<p>Au\u00dfenma\u00dfe: BxTxH 400x370x60 mm<\/p>\n","protected":false},"excerpt":{"rendered":"<p>Gefr\u00e4stes Schaumstoffinlay passend f\u00fcr 2HE Rackschublade mit Vollauszug oder Inlay System Koffer f\u00fcr 2 Shure Hand\/Taschensender ULXD1, ULXD2, QLXD2 \/<\/p>\n","protected":false},"featured_media":219718,"template":"","meta":{"_acf_changed":false},"product_brand":[],"product_cat":[15747],"product_tag":[],"class_list":{"0":"post-219701","1":"product","2":"type-product","3":"status-publish","4":"has-post-thumbnail","6":"product_cat-mikrofon-cases","7":"product_shipping_class-16145","9":"first","10":"instock","11":"taxable","12":"shipping-taxable","13":"purchasable","14":"product-type-simple"},"acf":[],"_links":{"self":[{"href":"https:\/\/megacase.com\/de\/wp-json\/wp\/v2\/product\/219701","targetHints":{"allow":["GET"]}}],"collection":[{"href":"https:\/\/megacase.com\/de\/wp-json\/wp\/v2\/product"}],"about":[{"href":"https:\/\/megacase.com\/de\/wp-json\/wp\/v2\/types\/product"}],"wp:featuredmedia":[{"embeddable":true,"href":"https:\/\/megacase.com\/de\/wp-json\/wp\/v2\/media\/219718"}],"wp:attachment":[{"href":"https:\/\/megacase.com\/de\/wp-json\/wp\/v2\/media?parent=219701"}],"wp:term":[{"taxonomy":"product_brand","embeddable":true,"href":"https:\/\/megacase.com\/de\/wp-json\/wp\/v2\/product_brand?post=219701"},{"taxonomy":"product_cat","embeddable":true,"href":"https:\/\/megacase.com\/de\/wp-json\/wp\/v2\/product_cat?post=219701"},{"taxonomy":"product_tag","embeddable":true,"href":"https:\/\/megacase.com\/de\/wp-json\/wp\/v2\/product_tag?post=219701"}],"curies":[{"name":"wp","href":"https:\/\/api.w.org\/{rel}","templated":true}]}}