{"id":219681,"date":"2021-06-28T14:53:39","date_gmt":"2021-06-28T12:53:39","guid":{"rendered":"https:\/\/megacase.com\/?post_type=product&#038;p=219681"},"modified":"2026-03-25T16:19:31","modified_gmt":"2026-03-25T15:19:31","slug":"inlay-universal-pockettransmitter-0-12","status":"publish","type":"product","link":"https:\/\/megacase.com\/de\/produkt\/inlay-universal-pockettransmitter-0-12\/","title":{"rendered":"Inlay Universal Pockettransmitter 0\/12"},"content":{"rendered":"<h3>Gefr\u00e4stes Schaumstoffinlay<\/h3>\n<p>passend f\u00fcr 2HE Rackschublade mit Vollauszug oder Inlay System Koffer<br \/>\nf\u00fcr 12 Taschensender<br \/>\nzweifarbiger Schaumstoff schwarz\/rot<br \/>\nZubeh\u00f6rfach<br \/>\nAusfr\u00e4sung f\u00fcr Taschensender (B x T x H): ca. 118 x 31 x 50 mm<br \/>\nhergestellt in Deutschland<\/p>\n<p>&nbsp;<\/p>\n","protected":false},"excerpt":{"rendered":"<p>Gefr\u00e4stes Schaumstoffinlay passend f\u00fcr 2HE Rackschublade mit Vollauszug oder Inlay System Koffer f\u00fcr 12 Taschensender zweifarbiger Schaumstoff schwarz\/rot Zubeh\u00f6rfach Ausfr\u00e4sung<\/p>\n","protected":false},"featured_media":219690,"template":"","meta":{"_acf_changed":false},"product_brand":[],"product_cat":[15747],"product_tag":[],"class_list":{"0":"post-219681","1":"product","2":"type-product","3":"status-publish","4":"has-post-thumbnail","6":"product_cat-mikrofon-cases","7":"product_shipping_class-16145","9":"first","10":"instock","11":"taxable","12":"shipping-taxable","13":"purchasable","14":"product-type-simple"},"acf":[],"_links":{"self":[{"href":"https:\/\/megacase.com\/de\/wp-json\/wp\/v2\/product\/219681","targetHints":{"allow":["GET"]}}],"collection":[{"href":"https:\/\/megacase.com\/de\/wp-json\/wp\/v2\/product"}],"about":[{"href":"https:\/\/megacase.com\/de\/wp-json\/wp\/v2\/types\/product"}],"wp:featuredmedia":[{"embeddable":true,"href":"https:\/\/megacase.com\/de\/wp-json\/wp\/v2\/media\/219690"}],"wp:attachment":[{"href":"https:\/\/megacase.com\/de\/wp-json\/wp\/v2\/media?parent=219681"}],"wp:term":[{"taxonomy":"product_brand","embeddable":true,"href":"https:\/\/megacase.com\/de\/wp-json\/wp\/v2\/product_brand?post=219681"},{"taxonomy":"product_cat","embeddable":true,"href":"https:\/\/megacase.com\/de\/wp-json\/wp\/v2\/product_cat?post=219681"},{"taxonomy":"product_tag","embeddable":true,"href":"https:\/\/megacase.com\/de\/wp-json\/wp\/v2\/product_tag?post=219681"}],"curies":[{"name":"wp","href":"https:\/\/api.w.org\/{rel}","templated":true}]}}