{"id":219657,"date":"2021-06-28T14:45:54","date_gmt":"2021-06-28T12:45:54","guid":{"rendered":"https:\/\/megacase.com\/?post_type=product&#038;p=219657"},"modified":"2026-03-25T16:19:31","modified_gmt":"2026-03-25T15:19:31","slug":"inlay-sennheiser-ew-g3-g4-serie-0-6","status":"publish","type":"product","link":"https:\/\/megacase.com\/de\/produkt\/inlay-sennheiser-ew-g3-g4-serie-0-6\/","title":{"rendered":"Inlay Sennheiser EW G3\/G4 Serie 0\/6"},"content":{"rendered":"<h3>Gefr\u00e4stes Schaumstoffinlay<\/h3>\n<p>passend f\u00fcr 2HE Rackschublade mit Vollauszug oder Inlay System Koffer<br \/>\nf\u00fcr 6 Sennheiser ew-Serie Taschensender<br \/>\nzweifarbiger Schaumstoff schwarz\/rot<br \/>\n2 Zubeh\u00f6rf\u00e4cher<br \/>\nAusfr\u00e4sung f\u00fcr Ersatzbatterien<br \/>\nhergestellt in Deutschland<\/p>\n","protected":false},"excerpt":{"rendered":"<p>Gefr\u00e4stes Schaumstoffinlay passend f\u00fcr 2HE Rackschublade mit Vollauszug oder Inlay System Koffer f\u00fcr 6 Sennheiser ew-Serie Taschensender zweifarbiger Schaumstoff schwarz\/rot<\/p>\n","protected":false},"featured_media":219674,"template":"","meta":{"_acf_changed":false},"product_brand":[],"product_cat":[15747],"product_tag":[],"class_list":{"0":"post-219657","1":"product","2":"type-product","3":"status-publish","4":"has-post-thumbnail","6":"product_cat-mikrofon-cases","7":"product_shipping_class-16145","9":"first","10":"instock","11":"taxable","12":"shipping-taxable","13":"purchasable","14":"product-type-simple"},"acf":[],"_links":{"self":[{"href":"https:\/\/megacase.com\/de\/wp-json\/wp\/v2\/product\/219657","targetHints":{"allow":["GET"]}}],"collection":[{"href":"https:\/\/megacase.com\/de\/wp-json\/wp\/v2\/product"}],"about":[{"href":"https:\/\/megacase.com\/de\/wp-json\/wp\/v2\/types\/product"}],"wp:featuredmedia":[{"embeddable":true,"href":"https:\/\/megacase.com\/de\/wp-json\/wp\/v2\/media\/219674"}],"wp:attachment":[{"href":"https:\/\/megacase.com\/de\/wp-json\/wp\/v2\/media?parent=219657"}],"wp:term":[{"taxonomy":"product_brand","embeddable":true,"href":"https:\/\/megacase.com\/de\/wp-json\/wp\/v2\/product_brand?post=219657"},{"taxonomy":"product_cat","embeddable":true,"href":"https:\/\/megacase.com\/de\/wp-json\/wp\/v2\/product_cat?post=219657"},{"taxonomy":"product_tag","embeddable":true,"href":"https:\/\/megacase.com\/de\/wp-json\/wp\/v2\/product_tag?post=219657"}],"curies":[{"name":"wp","href":"https:\/\/api.w.org\/{rel}","templated":true}]}}