{"id":219595,"date":"2021-06-28T13:58:56","date_gmt":"2021-06-28T11:58:56","guid":{"rendered":"https:\/\/megacase.com\/?post_type=product&#038;p=219595"},"modified":"2026-03-25T16:19:32","modified_gmt":"2026-03-25T15:19:32","slug":"inlay-sennheiser-ew-g3-g4-serie-2-2","status":"publish","type":"product","link":"https:\/\/megacase.com\/de\/produkt\/inlay-sennheiser-ew-g3-g4-serie-2-2\/","title":{"rendered":"Inlay Sennheiser EW G3\/G4 Serie 2\/2"},"content":{"rendered":"<h3>Gefr\u00e4stes Schaumstoffinlay<\/h3>\n<p>passend f\u00fcr 2 HE Rackschublade mit Vollauszug oder Inlay System Koffer<br \/>\nf\u00fcr 2 Sennheiser ew-Serie Hand\/Taschensender mit E935\/945\/965 Kapsel<br \/>\nzweifarbiger Schaumstoff schwarz\/rot<br \/>\nZubeh\u00f6rfach<br \/>\nAusfr\u00e4sung f\u00fcr Ersatzbatterien<br \/>\nhergestellt in Deutschland<\/p>\n","protected":false},"excerpt":{"rendered":"<p>Gefr\u00e4stes Schaumstoffinlay passend f\u00fcr 2 HE Rackschublade mit Vollauszug oder Inlay System Koffer f\u00fcr 2 Sennheiser ew-Serie Hand\/Taschensender mit E935\/945\/965<\/p>\n","protected":false},"featured_media":219608,"template":"","meta":{"_acf_changed":false},"product_brand":[],"product_cat":[15747],"product_tag":[],"class_list":{"0":"post-219595","1":"product","2":"type-product","3":"status-publish","4":"has-post-thumbnail","6":"product_cat-mikrofon-cases","7":"product_shipping_class-16145","9":"first","10":"instock","11":"taxable","12":"shipping-taxable","13":"purchasable","14":"product-type-simple"},"acf":[],"_links":{"self":[{"href":"https:\/\/megacase.com\/de\/wp-json\/wp\/v2\/product\/219595","targetHints":{"allow":["GET"]}}],"collection":[{"href":"https:\/\/megacase.com\/de\/wp-json\/wp\/v2\/product"}],"about":[{"href":"https:\/\/megacase.com\/de\/wp-json\/wp\/v2\/types\/product"}],"wp:featuredmedia":[{"embeddable":true,"href":"https:\/\/megacase.com\/de\/wp-json\/wp\/v2\/media\/219608"}],"wp:attachment":[{"href":"https:\/\/megacase.com\/de\/wp-json\/wp\/v2\/media?parent=219595"}],"wp:term":[{"taxonomy":"product_brand","embeddable":true,"href":"https:\/\/megacase.com\/de\/wp-json\/wp\/v2\/product_brand?post=219595"},{"taxonomy":"product_cat","embeddable":true,"href":"https:\/\/megacase.com\/de\/wp-json\/wp\/v2\/product_cat?post=219595"},{"taxonomy":"product_tag","embeddable":true,"href":"https:\/\/megacase.com\/de\/wp-json\/wp\/v2\/product_tag?post=219595"}],"curies":[{"name":"wp","href":"https:\/\/api.w.org\/{rel}","templated":true}]}}