{"id":219571,"date":"2021-06-28T13:43:52","date_gmt":"2021-06-28T11:43:52","guid":{"rendered":"https:\/\/megacase.com\/?post_type=product&#038;p=219571"},"modified":"2026-03-25T16:19:33","modified_gmt":"2026-03-25T15:19:33","slug":"inlay-sennheiser-ew-g3g4-serie-6-0","status":"publish","type":"product","link":"https:\/\/megacase.com\/de\/produkt\/inlay-sennheiser-ew-g3g4-serie-6-0\/","title":{"rendered":"Inlay Sennheiser EW G3+G4 Serie 6\/0"},"content":{"rendered":"<p>Passend f\u00fcr 2 HE Rackschubladen und System Koffer<br \/>\nDer Ausschnitt f\u00fcr das Schloss ist bereits gefr\u00e4st<br \/>\nF\u00fcr 6 Sennheiser Handsender G3-Serie mit E935\/945\/965 Kapsel<br \/>\nzweifarbiger Schaumstoff schwarz\/rot<br \/>\n2 Zubeh\u00f6rf\u00e4cher<br \/>\nAusfr\u00e4sung f\u00fcr Ersatzbatterien<br \/>\nhergestellt in Deutschland<br \/>\nAu\u00dfenma\u00dfe: BxTxH 400x370x60 mm<\/p>\n","protected":false},"excerpt":{"rendered":"<p>Passend f\u00fcr 2 HE Rackschubladen und System Koffer Der Ausschnitt f\u00fcr das Schloss ist bereits gefr\u00e4st F\u00fcr 6 Sennheiser Handsender<\/p>\n","protected":false},"featured_media":219584,"template":"","meta":{"_acf_changed":false},"product_brand":[],"product_cat":[15747],"product_tag":[],"class_list":{"0":"post-219571","1":"product","2":"type-product","3":"status-publish","4":"has-post-thumbnail","6":"product_cat-mikrofon-cases","7":"product_shipping_class-16145","9":"first","10":"instock","11":"taxable","12":"shipping-taxable","13":"purchasable","14":"product-type-simple"},"acf":[],"_links":{"self":[{"href":"https:\/\/megacase.com\/de\/wp-json\/wp\/v2\/product\/219571","targetHints":{"allow":["GET"]}}],"collection":[{"href":"https:\/\/megacase.com\/de\/wp-json\/wp\/v2\/product"}],"about":[{"href":"https:\/\/megacase.com\/de\/wp-json\/wp\/v2\/types\/product"}],"wp:featuredmedia":[{"embeddable":true,"href":"https:\/\/megacase.com\/de\/wp-json\/wp\/v2\/media\/219584"}],"wp:attachment":[{"href":"https:\/\/megacase.com\/de\/wp-json\/wp\/v2\/media?parent=219571"}],"wp:term":[{"taxonomy":"product_brand","embeddable":true,"href":"https:\/\/megacase.com\/de\/wp-json\/wp\/v2\/product_brand?post=219571"},{"taxonomy":"product_cat","embeddable":true,"href":"https:\/\/megacase.com\/de\/wp-json\/wp\/v2\/product_cat?post=219571"},{"taxonomy":"product_tag","embeddable":true,"href":"https:\/\/megacase.com\/de\/wp-json\/wp\/v2\/product_tag?post=219571"}],"curies":[{"name":"wp","href":"https:\/\/api.w.org\/{rel}","templated":true}]}}