{"id":219445,"date":"2021-06-28T11:56:46","date_gmt":"2021-06-28T09:56:46","guid":{"rendered":"https:\/\/megacase.com\/?post_type=product&#038;p=219445"},"modified":"2026-03-25T16:19:35","modified_gmt":"2026-03-25T15:19:35","slug":"accessory-case-38-x-30-x-28-bk","status":"publish","type":"product","link":"https:\/\/megacase.com\/de\/produkt\/accessory-case-38-x-30-x-28-bk\/","title":{"rendered":"Zubeh\u00f6rcase 38 x 30 x 28 BK"},"content":{"rendered":"<h3>Zubeh\u00f6rcase<\/h3>\n<p>Stabiler Koffer f\u00fcr Zubeh\u00f6r und mehr<br \/>\nEin Klassiker der Schutz bietet und auch noch g\u00fcnstig ist<br \/>\nAus 6,8 mm Birkenmultiplex phenolharz beschichtet<br \/>\nFarbe: schwarz<br \/>\n22&#215;22 mm Alukante<br \/>\n1 Koffergriff<br \/>\n1 Schnappschloss<br \/>\n2 Feststellscharniere<br \/>\n8 Kugelecken klein<br \/>\nhergestellt in Deutschland<br \/>\nAu\u00dfenma\u00df (BxHxT): 420x335x315 mm<br \/>\nInnenma\u00df BxHxT 384x305x284 mm<br \/>\nGewicht 4,1 kg<\/p>\n<p>&nbsp;<\/p>\n<p>&nbsp;<\/p>\n","protected":false},"excerpt":{"rendered":"<p>Zubeh\u00f6rcase Stabiler Koffer f\u00fcr Zubeh\u00f6r und mehr Ein Klassiker der Schutz bietet und auch noch g\u00fcnstig ist Aus 6,8 mm<\/p>\n","protected":false},"featured_media":219454,"template":"","meta":{"_acf_changed":false},"product_brand":[],"product_cat":[13509],"product_tag":[],"class_list":{"0":"post-219445","1":"product","2":"type-product","3":"status-publish","4":"has-post-thumbnail","6":"product_cat-truhen-cases","8":"first","9":"instock","10":"taxable","11":"shipping-taxable","12":"purchasable","13":"product-type-simple"},"acf":[],"_links":{"self":[{"href":"https:\/\/megacase.com\/de\/wp-json\/wp\/v2\/product\/219445","targetHints":{"allow":["GET"]}}],"collection":[{"href":"https:\/\/megacase.com\/de\/wp-json\/wp\/v2\/product"}],"about":[{"href":"https:\/\/megacase.com\/de\/wp-json\/wp\/v2\/types\/product"}],"wp:featuredmedia":[{"embeddable":true,"href":"https:\/\/megacase.com\/de\/wp-json\/wp\/v2\/media\/219454"}],"wp:attachment":[{"href":"https:\/\/megacase.com\/de\/wp-json\/wp\/v2\/media?parent=219445"}],"wp:term":[{"taxonomy":"product_brand","embeddable":true,"href":"https:\/\/megacase.com\/de\/wp-json\/wp\/v2\/product_brand?post=219445"},{"taxonomy":"product_cat","embeddable":true,"href":"https:\/\/megacase.com\/de\/wp-json\/wp\/v2\/product_cat?post=219445"},{"taxonomy":"product_tag","embeddable":true,"href":"https:\/\/megacase.com\/de\/wp-json\/wp\/v2\/product_tag?post=219445"}],"curies":[{"name":"wp","href":"https:\/\/api.w.org\/{rel}","templated":true}]}}