{"id":217979,"date":"2021-06-07T16:36:00","date_gmt":"2021-06-07T14:36:00","guid":{"rendered":"https:\/\/megacase.com\/?post_type=product&#038;p=217979"},"modified":"2026-03-25T16:19:42","modified_gmt":"2026-03-25T15:19:42","slug":"studio-rack-20u-oak-media","status":"publish","type":"product","link":"https:\/\/megacase.com\/de\/produkt\/studio-rack-20u-oak-media\/","title":{"rendered":"Studio Rack 20U oak Media"},"content":{"rendered":"<p>Medien Studio Rack mit abschlie\u00dfbarem Rolladen in Aluminium Optik<br \/>\nMaterial: melaminbeschichtete M\u00f6belplatte<br \/>\nFarbe: Dekor Eich<br \/>\nPlattenst\u00e4rke: 19 mm<br \/>\nstufenlose Rackschiene mit Gummikeder 12 HE<br \/>\ninkl. Schraubensatz<br \/>\nEinbautiefe 54 cm<br \/>\nRolladen Alu Optik\/Kunststoff<br \/>\nRolladen abschlie\u00dfbar (2 Schl\u00fcssel)<br \/>\n5 cm M\u00f6belsockel<br \/>\nunter Sockel 4x80mm Rollen<br \/>\ngro\u00dfe abschlie\u00dfbare Servicet\u00fcre hinten<br \/>\nKlappgriffe optional<br \/>\nRackschiene hinten 50cm<br \/>\nKabelauslass links und rechts<br \/>\nhergestellt in Deutschland<br \/>\nauch in anderen Farben lieferbar<br \/>\nAu\u00dfenma\u00dfe BxTxH ca.: 540 x 630 x 1150 mm<br \/>\nGewicht ca.: 40,4 kg<\/p>\n","protected":false},"excerpt":{"rendered":"<p>Medien Studio Rack mit abschlie\u00dfbarem Rolladen in Aluminium Optik | hergestellt in Deutschland<\/p>\n","protected":false},"featured_media":218016,"template":"","meta":{"_acf_changed":false},"product_brand":[],"product_cat":[15472],"product_tag":[],"class_list":{"0":"post-217979","1":"product","2":"type-product","3":"status-publish","4":"has-post-thumbnail","6":"product_cat-studio-equipment-2","7":"product_shipping_class-palettenversand-2","9":"first","10":"instock","11":"taxable","12":"shipping-taxable","13":"purchasable","14":"product-type-simple"},"acf":[],"_links":{"self":[{"href":"https:\/\/megacase.com\/de\/wp-json\/wp\/v2\/product\/217979","targetHints":{"allow":["GET"]}}],"collection":[{"href":"https:\/\/megacase.com\/de\/wp-json\/wp\/v2\/product"}],"about":[{"href":"https:\/\/megacase.com\/de\/wp-json\/wp\/v2\/types\/product"}],"wp:featuredmedia":[{"embeddable":true,"href":"https:\/\/megacase.com\/de\/wp-json\/wp\/v2\/media\/218016"}],"wp:attachment":[{"href":"https:\/\/megacase.com\/de\/wp-json\/wp\/v2\/media?parent=217979"}],"wp:term":[{"taxonomy":"product_brand","embeddable":true,"href":"https:\/\/megacase.com\/de\/wp-json\/wp\/v2\/product_brand?post=217979"},{"taxonomy":"product_cat","embeddable":true,"href":"https:\/\/megacase.com\/de\/wp-json\/wp\/v2\/product_cat?post=217979"},{"taxonomy":"product_tag","embeddable":true,"href":"https:\/\/megacase.com\/de\/wp-json\/wp\/v2\/product_tag?post=217979"}],"curies":[{"name":"wp","href":"https:\/\/api.w.org\/{rel}","templated":true}]}}