{"id":217688,"date":"2021-06-07T15:37:11","date_gmt":"2021-06-07T13:37:11","guid":{"rendered":"https:\/\/megacase.com\/?post_type=product&#038;p=217688"},"modified":"2026-03-25T16:19:44","modified_gmt":"2026-03-25T15:19:44","slug":"studio-l-rack-17u-media-oak","status":"publish","type":"product","link":"https:\/\/megacase.com\/de\/produkt\/studio-l-rack-17u-media-oak\/","title":{"rendered":"Studio L-Rack 17U Media oak"},"content":{"rendered":"<p>17 HE Medienwinkelrack Eiche Dekor<br \/>\n17 HE Nutzh\u00f6he vorne<br \/>\n11 HE Nutzh\u00f6he hinten<br \/>\n11 HE Nutztiefe oben<br \/>\n54 cm Einbautiefe<br \/>\nMaterial: 19 mm Melamin-beschichtete M\u00f6belplatte<br \/>\nmit M\u00f6belsockel<br \/>\n4 80 mm Rollen unter dem Sockel<br \/>\nabschlie\u00dfbarer Rolladen in Aluminium Design vorne<br \/>\ngro\u00dfe abschlie\u00dfbare Serviceklappe hinten<br \/>\n80 mm Kabeldurchf\u00fchrung an beiden Seiten<br \/>\nFarbe: Eiche<br \/>\nauch Klappgriffe, andere Farben und Gr\u00f6\u00dfen gegen Aufpreis lieferbar (optionale \u00c4nderungen nach Kundenw\u00fcnschen m\u00f6glich),<br \/>\ninkl. Schraubensatz<br \/>\nhergestellt in Deutschland<br \/>\nAu\u00dfenma\u00dfe (B x T x H): 54 x 66 x 112 cm<br \/>\nGewicht: 44 kg<\/p>\n<p>&nbsp;<\/p>\n","protected":false},"excerpt":{"rendered":"<p>17 HE Medienwinkelrack Eiche Dekor | 54 cm Einbautiefe | hergestellt in Deutschland<\/p>\n","protected":false},"featured_media":217729,"template":"","meta":{"_acf_changed":false},"product_brand":[],"product_cat":[15472],"product_tag":[],"class_list":{"0":"post-217688","1":"product","2":"type-product","3":"status-publish","4":"has-post-thumbnail","6":"product_cat-studio-equipment-2","7":"product_shipping_class-palettenversand-2","9":"first","10":"instock","11":"taxable","12":"shipping-taxable","13":"purchasable","14":"product-type-simple"},"acf":[],"_links":{"self":[{"href":"https:\/\/megacase.com\/de\/wp-json\/wp\/v2\/product\/217688","targetHints":{"allow":["GET"]}}],"collection":[{"href":"https:\/\/megacase.com\/de\/wp-json\/wp\/v2\/product"}],"about":[{"href":"https:\/\/megacase.com\/de\/wp-json\/wp\/v2\/types\/product"}],"wp:featuredmedia":[{"embeddable":true,"href":"https:\/\/megacase.com\/de\/wp-json\/wp\/v2\/media\/217729"}],"wp:attachment":[{"href":"https:\/\/megacase.com\/de\/wp-json\/wp\/v2\/media?parent=217688"}],"wp:term":[{"taxonomy":"product_brand","embeddable":true,"href":"https:\/\/megacase.com\/de\/wp-json\/wp\/v2\/product_brand?post=217688"},{"taxonomy":"product_cat","embeddable":true,"href":"https:\/\/megacase.com\/de\/wp-json\/wp\/v2\/product_cat?post=217688"},{"taxonomy":"product_tag","embeddable":true,"href":"https:\/\/megacase.com\/de\/wp-json\/wp\/v2\/product_tag?post=217688"}],"curies":[{"name":"wp","href":"https:\/\/api.w.org\/{rel}","templated":true}]}}