{"id":216877,"date":"2021-05-19T09:23:55","date_gmt":"2021-05-19T07:23:55","guid":{"rendered":"https:\/\/megacase.com\/?post_type=product&#038;p=216877"},"modified":"2026-03-25T16:19:48","modified_gmt":"2026-03-25T15:19:48","slug":"flightcase-truss-connector-0-174","status":"publish","type":"product","link":"https:\/\/megacase.com\/de\/produkt\/flightcase-truss-connector-0-174\/","title":{"rendered":"Flightcase Truss Connector 0\/174"},"content":{"rendered":"<h3>Traversen Koffer<\/h3>\n<p>angefertigt f\u00fcr 174 Stahlbolzen<br \/>\nMaterial: 6,88 mm Birkenmultiplex phenolharz beschichtet<br \/>\nFarbe: braun<br \/>\n25 x 25 mm Aluprofil<br \/>\nZusatzfach f\u00fcr R-Clips<br \/>\nFach f\u00fcr Hammer<br \/>\nMedium-Kugelecken<br \/>\n2 Mini-Butterfly-Verschl\u00fcsse<br \/>\n2 gro\u00dfe Aufstellscharniere<br \/>\n1 Koffergriff<br \/>\nhergestellt in Deutschland<br \/>\nAu\u00dfenma\u00df (B x H x T): 43 x 16 x 35,4 cm<br \/>\nGewicht: 5,6 kg<\/p>\n","protected":false},"excerpt":{"rendered":"<p>angefertigt f\u00fcr 174 Stahlbolzen | Zusatzfach f\u00fcr R-Clips | Fach f\u00fcr Hammer | hergestellt in Deutschland<\/p>\n","protected":false},"featured_media":216894,"template":"","meta":{"_acf_changed":false},"product_brand":[],"product_cat":[13627],"product_tag":[],"class_list":{"0":"post-216877","1":"product","2":"type-product","3":"status-publish","4":"has-post-thumbnail","6":"product_cat-lichtcases","8":"first","9":"instock","10":"taxable","11":"shipping-taxable","12":"purchasable","13":"product-type-simple"},"acf":[],"_links":{"self":[{"href":"https:\/\/megacase.com\/de\/wp-json\/wp\/v2\/product\/216877","targetHints":{"allow":["GET"]}}],"collection":[{"href":"https:\/\/megacase.com\/de\/wp-json\/wp\/v2\/product"}],"about":[{"href":"https:\/\/megacase.com\/de\/wp-json\/wp\/v2\/types\/product"}],"wp:featuredmedia":[{"embeddable":true,"href":"https:\/\/megacase.com\/de\/wp-json\/wp\/v2\/media\/216894"}],"wp:attachment":[{"href":"https:\/\/megacase.com\/de\/wp-json\/wp\/v2\/media?parent=216877"}],"wp:term":[{"taxonomy":"product_brand","embeddable":true,"href":"https:\/\/megacase.com\/de\/wp-json\/wp\/v2\/product_brand?post=216877"},{"taxonomy":"product_cat","embeddable":true,"href":"https:\/\/megacase.com\/de\/wp-json\/wp\/v2\/product_cat?post=216877"},{"taxonomy":"product_tag","embeddable":true,"href":"https:\/\/megacase.com\/de\/wp-json\/wp\/v2\/product_tag?post=216877"}],"curies":[{"name":"wp","href":"https:\/\/api.w.org\/{rel}","templated":true}]}}