{"id":216511,"date":"2021-05-12T12:46:54","date_gmt":"2021-05-12T10:46:54","guid":{"rendered":"https:\/\/megacase.com\/?post_type=product&#038;p=216511"},"modified":"2026-03-25T16:19:50","modified_gmt":"2026-03-25T15:19:50","slug":"zubehoercase-38x30x28","status":"publish","type":"product","link":"https:\/\/megacase.com\/de\/produkt\/zubehoercase-38x30x28\/","title":{"rendered":"Zubeh\u00f6rcase 38x30x28"},"content":{"rendered":"<h2>Stabiler Koffer f\u00fcr Zubeh\u00f6r und mehr<\/h2>\n<p>Stabiler Koffer f\u00fcr Zubeh\u00f6r und mehr.<br \/>\nAus 6,8 mm Birkenmultiplex phenolharz beschichtet<br \/>\nFarbe: braun<br \/>\n22&#215;22 mm Alukante<br \/>\n1 Koffergriff<br \/>\n1 Schnappschloss<br \/>\n2 Feststellscharniere<br \/>\n8 Kugelecken klein<br \/>\nHergestellt in Deutschland<br \/>\nInnenma\u00df BxTxH 316x416x350 mm<br \/>\nAu\u00dfenma\u00dfe BxHxT ca.: 384 x 284 x 305 mm<br \/>\nGewicht: 4,6 kg<\/p>\n","protected":false},"excerpt":{"rendered":"<p>Aus 6,8 mm Birkenmultiplex phenolharz beschichtet | Hergestellt in Deutschland<\/p>\n","protected":false},"featured_media":216535,"template":"","meta":{"_acf_changed":false},"product_brand":[],"product_cat":[13508],"product_tag":[],"class_list":{"0":"post-216511","1":"product","2":"type-product","3":"status-publish","4":"has-post-thumbnail","6":"product_cat-universal-flightcases","8":"first","9":"instock","10":"taxable","11":"shipping-taxable","12":"purchasable","13":"product-type-simple"},"acf":[],"_links":{"self":[{"href":"https:\/\/megacase.com\/de\/wp-json\/wp\/v2\/product\/216511","targetHints":{"allow":["GET"]}}],"collection":[{"href":"https:\/\/megacase.com\/de\/wp-json\/wp\/v2\/product"}],"about":[{"href":"https:\/\/megacase.com\/de\/wp-json\/wp\/v2\/types\/product"}],"wp:featuredmedia":[{"embeddable":true,"href":"https:\/\/megacase.com\/de\/wp-json\/wp\/v2\/media\/216535"}],"wp:attachment":[{"href":"https:\/\/megacase.com\/de\/wp-json\/wp\/v2\/media?parent=216511"}],"wp:term":[{"taxonomy":"product_brand","embeddable":true,"href":"https:\/\/megacase.com\/de\/wp-json\/wp\/v2\/product_brand?post=216511"},{"taxonomy":"product_cat","embeddable":true,"href":"https:\/\/megacase.com\/de\/wp-json\/wp\/v2\/product_cat?post=216511"},{"taxonomy":"product_tag","embeddable":true,"href":"https:\/\/megacase.com\/de\/wp-json\/wp\/v2\/product_tag?post=216511"}],"curies":[{"name":"wp","href":"https:\/\/api.w.org\/{rel}","templated":true}]}}