{"id":215701,"date":"2021-05-05T16:04:36","date_gmt":"2021-05-05T14:04:36","guid":{"rendered":"https:\/\/megacase.com\/?post_type=product&#038;p=215701"},"modified":"2026-03-25T16:22:28","modified_gmt":"2026-03-25T15:22:28","slug":"flip-down-case-midas-pro-2-cc-tp","status":"publish","type":"product","link":"https:\/\/megacase.com\/de\/produkt\/flip-down-case-midas-pro-2-cc-tp\/","title":{"rendered":"Flip-Down Case Midas Pro2 CC-TP"},"content":{"rendered":"<p>Heavy Flip Case schwarz auf Rollen (2 gebremst) mit Seitenwangen-Einfassungen f\u00fcr ein Midas Pro2 CC-TP<br \/>\nDas Mischpult kann f\u00fcr den Transport u. Event im Case bleiben.<br \/>\n2 seitliche Aufnahmen f\u00fcr Monitoradapter Artikel: 9144<br \/>\n1 Monitoradapter inklusive<br \/>\naus 9 mm Birkenmultiplex beschichtet<br \/>\nFarbe: schwarz<br \/>\n35&#215;35 mm Alukante<br \/>\n8 Butterfly Verschl\u00fcsse gro\u00df<br \/>\n12 Klappgriff gro\u00df<br \/>\n12 L-Ecken gro\u00df<br \/>\n4 Kanteneinbaugriffe<br \/>\n8 Kugelecke gro\u00df<br \/>\n1 Einbauschale Tourlabel<br \/>\n3 Scharnier schwer 80&#215;120 mm<br \/>\n2 Riegelverschluss (Frontf\u00e4cher)<br \/>\n6 Anschraubscharnier silber<br \/>\n4 Lenkrollen 100 mm davon sind 2 gebremst<br \/>\nSchaumstoffpolsterung<br \/>\ngefilzte Leisten<br \/>\n2 Seitenwangen passend f\u00fcr Midas Pro2 CC-TP<br \/>\nSicherungsschraube<br \/>\n2 Kabeldurchlasse im Dockhouse<br \/>\n4 Fr\u00e4sungen f\u00fcr Kabeldurchl\u00e4sse<br \/>\n2 Gasdruckfedern<br \/>\n4 Dockhouseverschl\u00fcsse davon ist einer abschlie\u00dfbar<br \/>\n2x 1HE Rackeinheit darunter<br \/>\n1x 1HE Rackschublade<br \/>\nAu\u00dfenma\u00dfe BxTxH 1410 x 595 x 1195 mm<br \/>\nGewicht: 141 kg<br \/>\nhergestellt in Deutschland<\/p>\n","protected":false},"excerpt":{"rendered":"<p>Heavy Flip Case schwarz auf Rollen mit Seitenwangen-Einfassungen f\u00fcr ein Midas Pro 2 CC-TP | hergestellt in Deutschland<\/p>\n","protected":false},"featured_media":215850,"template":"","meta":{"_acf_changed":false},"product_brand":[],"product_cat":[13495],"product_tag":[13922],"class_list":{"0":"post-215701","1":"product","2":"type-product","3":"status-publish","4":"has-post-thumbnail","6":"product_cat-mischpult-cases","7":"product_tag-midas","8":"product_shipping_class-palettenversand-2","10":"first","11":"instock","12":"taxable","13":"shipping-taxable","14":"purchasable","15":"product-type-simple"},"acf":[],"_links":{"self":[{"href":"https:\/\/megacase.com\/de\/wp-json\/wp\/v2\/product\/215701","targetHints":{"allow":["GET"]}}],"collection":[{"href":"https:\/\/megacase.com\/de\/wp-json\/wp\/v2\/product"}],"about":[{"href":"https:\/\/megacase.com\/de\/wp-json\/wp\/v2\/types\/product"}],"wp:featuredmedia":[{"embeddable":true,"href":"https:\/\/megacase.com\/de\/wp-json\/wp\/v2\/media\/215850"}],"wp:attachment":[{"href":"https:\/\/megacase.com\/de\/wp-json\/wp\/v2\/media?parent=215701"}],"wp:term":[{"taxonomy":"product_brand","embeddable":true,"href":"https:\/\/megacase.com\/de\/wp-json\/wp\/v2\/product_brand?post=215701"},{"taxonomy":"product_cat","embeddable":true,"href":"https:\/\/megacase.com\/de\/wp-json\/wp\/v2\/product_cat?post=215701"},{"taxonomy":"product_tag","embeddable":true,"href":"https:\/\/megacase.com\/de\/wp-json\/wp\/v2\/product_tag?post=215701"}],"curies":[{"name":"wp","href":"https:\/\/api.w.org\/{rel}","templated":true}]}}