{"id":215210,"date":"2021-05-03T14:30:59","date_gmt":"2021-05-03T12:30:59","guid":{"rendered":"https:\/\/megacase.com\/?post_type=product&#038;p=215210"},"modified":"2026-03-25T16:22:31","modified_gmt":"2026-03-25T15:22:31","slug":"dj-table-z-style-120x60","status":"publish","type":"product","link":"https:\/\/megacase.com\/de\/produkt\/dj-table-z-style-120x60\/","title":{"rendered":"DJ Table Z-Style 120&#215;60"},"content":{"rendered":"<p>DJ Table mit einer Arbeitsfl\u00e4che von 60 x 120 cm<br \/>\nDer Tisch steht stabil durch Verstrebungen der einzelnen Kofferteile<br \/>\nH\u00f6henausgleich durch Stellf\u00fc\u00dfe<br \/>\nArbeitsh\u00f6he ca. 90 cm<br \/>\n6,8 mm Birkenmultiplex<br \/>\nFarbe Schwarz RAL 9004<br \/>\n30&#215;30 mm Alukante<br \/>\n8 Butterfly Verschl\u00fcsse mittel 12 mm gefedert<br \/>\n4 Klappgriff mittel gefedert 8 mm Schale<br \/>\n8 Flachecke mittel<br \/>\n2 Eckeinbaurollen<br \/>\n4 Gummif\u00fc\u00dfe<br \/>\nSchaumstoffw\u00fcrfel<br \/>\nhergestellt in Deutschland<br \/>\nAu\u00dfenma\u00dfe BxTxH 1220x604x270 mm<br \/>\nGewicht: 25,6 kg<\/p>\n","protected":false},"excerpt":{"rendered":"<p>DJ Table mit einer Arbeitsfl\u00e4che von 60 x 120 cm | 6,8 mm Birkenmultiplex | hergestellt in Deutschland<\/p>\n","protected":false},"featured_media":216409,"template":"","meta":{"_acf_changed":false},"product_brand":[],"product_cat":[13493],"product_tag":[],"class_list":{"0":"post-215210","1":"product","2":"type-product","3":"status-publish","4":"has-post-thumbnail","6":"product_cat-dj-equipment-cases","7":"product_shipping_class-palettenversand","9":"first","10":"instock","11":"taxable","12":"shipping-taxable","13":"purchasable","14":"product-type-simple"},"acf":[],"_links":{"self":[{"href":"https:\/\/megacase.com\/de\/wp-json\/wp\/v2\/product\/215210","targetHints":{"allow":["GET"]}}],"collection":[{"href":"https:\/\/megacase.com\/de\/wp-json\/wp\/v2\/product"}],"about":[{"href":"https:\/\/megacase.com\/de\/wp-json\/wp\/v2\/types\/product"}],"wp:featuredmedia":[{"embeddable":true,"href":"https:\/\/megacase.com\/de\/wp-json\/wp\/v2\/media\/216409"}],"wp:attachment":[{"href":"https:\/\/megacase.com\/de\/wp-json\/wp\/v2\/media?parent=215210"}],"wp:term":[{"taxonomy":"product_brand","embeddable":true,"href":"https:\/\/megacase.com\/de\/wp-json\/wp\/v2\/product_brand?post=215210"},{"taxonomy":"product_cat","embeddable":true,"href":"https:\/\/megacase.com\/de\/wp-json\/wp\/v2\/product_cat?post=215210"},{"taxonomy":"product_tag","embeddable":true,"href":"https:\/\/megacase.com\/de\/wp-json\/wp\/v2\/product_tag?post=215210"}],"curies":[{"name":"wp","href":"https:\/\/api.w.org\/{rel}","templated":true}]}}