{"id":214991,"date":"2021-04-30T06:45:44","date_gmt":"2021-04-30T04:45:44","guid":{"rendered":"https:\/\/megacase.com\/?post_type=product&#038;p=214991"},"modified":"2026-03-25T16:22:31","modified_gmt":"2026-03-25T15:22:31","slug":"case-2x-clavia-nord-piano-monitor-v2","status":"publish","type":"product","link":"https:\/\/megacase.com\/de\/produkt\/case-2x-clavia-nord-piano-monitor-v2\/","title":{"rendered":"Case 2x Clavia Nord Piano Monitor V2"},"content":{"rendered":"<p>passendes Haubencase f\u00fcr 2 Clavia Nord Piano Monitor V2 Lautsprecher<br \/>\naus 6,8 mm Birkenmultiplex phenol beschichtet<br \/>\nFarbe: braun<br \/>\n25 x 25 mm Alukante<br \/>\n2 Butterfly Verschl\u00fcsse mittel<br \/>\n3x Klappgriff mittel<br \/>\n8 Stahlkugelecken mittel<br \/>\n4 Gummif\u00fc\u00dfe 25 x 15 mm<br \/>\n10cm Fach mittig f\u00fcr Zubeh\u00f6r<br \/>\nSchaumstoff<br \/>\nhergestellt in Deutschland<br \/>\nAu\u00dfenma\u00dfe BxTxH ca.: 530 x 295 x 306 mm<br \/>\nGewicht ca.: 8,3 kg<\/p>\n","protected":false},"excerpt":{"rendered":"<p>passendes Haubencase f\u00fcr 2 Clavia Nord Piano Monitor V2 Lautsprecher | 10cm Fach mittig f\u00fcr Zubeh\u00f6r | hergestellt in Deutschland<\/p>\n","protected":false},"featured_media":215040,"template":"","meta":{"_acf_changed":false},"product_brand":[],"product_cat":[13511,13579],"product_tag":[],"class_list":{"0":"post-214991","1":"product","2":"type-product","3":"status-publish","4":"has-post-thumbnail","6":"product_cat-keyboard-cases","7":"product_cat-audio-cases","9":"first","10":"instock","11":"taxable","12":"shipping-taxable","13":"purchasable","14":"product-type-simple"},"acf":[],"_links":{"self":[{"href":"https:\/\/megacase.com\/de\/wp-json\/wp\/v2\/product\/214991","targetHints":{"allow":["GET"]}}],"collection":[{"href":"https:\/\/megacase.com\/de\/wp-json\/wp\/v2\/product"}],"about":[{"href":"https:\/\/megacase.com\/de\/wp-json\/wp\/v2\/types\/product"}],"wp:featuredmedia":[{"embeddable":true,"href":"https:\/\/megacase.com\/de\/wp-json\/wp\/v2\/media\/215040"}],"wp:attachment":[{"href":"https:\/\/megacase.com\/de\/wp-json\/wp\/v2\/media?parent=214991"}],"wp:term":[{"taxonomy":"product_brand","embeddable":true,"href":"https:\/\/megacase.com\/de\/wp-json\/wp\/v2\/product_brand?post=214991"},{"taxonomy":"product_cat","embeddable":true,"href":"https:\/\/megacase.com\/de\/wp-json\/wp\/v2\/product_cat?post=214991"},{"taxonomy":"product_tag","embeddable":true,"href":"https:\/\/megacase.com\/de\/wp-json\/wp\/v2\/product_tag?post=214991"}],"curies":[{"name":"wp","href":"https:\/\/api.w.org\/{rel}","templated":true}]}}