{"id":214315,"date":"2021-04-27T09:13:55","date_gmt":"2021-04-27T07:13:55","guid":{"rendered":"https:\/\/megacase.com\/?post_type=product&#038;p=214315"},"modified":"2026-03-25T16:22:35","modified_gmt":"2026-03-25T15:22:35","slug":"flip-down-case-allen-heath-avantis","status":"publish","type":"product","link":"https:\/\/megacase.com\/de\/produkt\/flip-down-case-allen-heath-avantis\/","title":{"rendered":"Flip-Down Case Allen &#038; Heath Avantis"},"content":{"rendered":"<p>Heavy Flip-Case f\u00fcr ein A&amp;H Avantis Mischpult<br \/>\nAus 9 mm Birkenmultiplex beschichtet<br \/>\nFarbe: <a href=\"https:\/\/megacase.com\/de\/farben-beschichtungen\/\">frei w\u00e4hlbar<\/a><br \/>\n35&#215;35 mm Alukante<br \/>\n4 Butterflys Verschl\u00fcsse<br \/>\n8 Klappgriffe heavy<br \/>\n2 Kanteneinbaugriffe<br \/>\n8 gro\u00dfe Kugelecken gestuft<br \/>\n2 Zubeh\u00f6rf\u00e4cher in den T\u00fcren<br \/>\nDockhouse hinten<br \/>\n2 Gasdruckfedern<br \/>\n4 Lenkrollen 100 mm davon sind 2 gebremst<br \/>\nSchaumstoffpolsterung + Filzbezug<br \/>\nAu\u00dfenma\u00dfe BxTxH ca.: 1136 x 550 x 1140 mm<br \/>\nGewicht: 82,5 kg<br \/>\nHergestellt in Deutschland<\/p>\n<p>Bei einer Bestellung bitte die gew\u00fcnschte Farbe im Kommentarfeld angeben<\/p>\n","protected":false},"excerpt":{"rendered":"<p>Professionelles Flip-Case f\u00fcr ein A&amp;H Avantis Mischpult | Schaumstoffpolsterung + Filzbezug | Hergestellt in Deutschland<\/p>\n","protected":false},"featured_media":214320,"template":"","meta":{"_acf_changed":false},"product_brand":[],"product_cat":[13495],"product_tag":[],"class_list":{"0":"post-214315","1":"product","2":"type-product","3":"status-publish","4":"has-post-thumbnail","6":"product_cat-mischpult-cases","8":"first","9":"instock","10":"taxable","11":"shipping-taxable","12":"purchasable","13":"product-type-simple"},"acf":[],"_links":{"self":[{"href":"https:\/\/megacase.com\/de\/wp-json\/wp\/v2\/product\/214315","targetHints":{"allow":["GET"]}}],"collection":[{"href":"https:\/\/megacase.com\/de\/wp-json\/wp\/v2\/product"}],"about":[{"href":"https:\/\/megacase.com\/de\/wp-json\/wp\/v2\/types\/product"}],"wp:featuredmedia":[{"embeddable":true,"href":"https:\/\/megacase.com\/de\/wp-json\/wp\/v2\/media\/214320"}],"wp:attachment":[{"href":"https:\/\/megacase.com\/de\/wp-json\/wp\/v2\/media?parent=214315"}],"wp:term":[{"taxonomy":"product_brand","embeddable":true,"href":"https:\/\/megacase.com\/de\/wp-json\/wp\/v2\/product_brand?post=214315"},{"taxonomy":"product_cat","embeddable":true,"href":"https:\/\/megacase.com\/de\/wp-json\/wp\/v2\/product_cat?post=214315"},{"taxonomy":"product_tag","embeddable":true,"href":"https:\/\/megacase.com\/de\/wp-json\/wp\/v2\/product_tag?post=214315"}],"curies":[{"name":"wp","href":"https:\/\/api.w.org\/{rel}","templated":true}]}}