{"id":213670,"date":"2021-04-26T10:39:39","date_gmt":"2021-04-26T08:39:39","guid":{"rendered":"https:\/\/megacase.com\/?post_type=product&#038;p=213670"},"modified":"2026-03-25T16:22:38","modified_gmt":"2026-03-25T15:22:38","slug":"case-cisco-webex-desk-pro","status":"publish","type":"product","link":"https:\/\/megacase.com\/de\/produkt\/case-cisco-webex-desk-pro\/","title":{"rendered":"Case Cisco Webex Desk Pro"},"content":{"rendered":"<p>ma\u00dfgefertigtes Truhencase f\u00fcr ein Cisco Webex Desk Pro<br \/>\ninkl. eine seitliche Fach f\u00fcr Zubeh\u00f6r<br \/>\naus 6,5 mm Birkenmultiplex beschichtet<br \/>\nFarbe: <a href=\"https:\/\/megacase.com\/de\/farben-beschichtungen\/\">frei w\u00e4hlbar<\/a><br \/>\n25&#215;25 mm Alukante<br \/>\nSchaumstoffpolsterung nach Ma\u00df<br \/>\nNoppenschaumstoff im Deckel<br \/>\n2 gefederte Butterfly-Verschl\u00fcsse medium<br \/>\n3 Klappgriff medium<br \/>\n2 Feststellscharniere<br \/>\n8 Stahlkugelecken medium<br \/>\nhergestellt in Deutschland<br \/>\nAu\u00dfenma\u00dfe ca.: BxTxH 875 x 240 x 605 mm<br \/>\nGewicht: 13,3 kg<\/p>\n<p>Bei einer Bestellung bitte die gew\u00fcnschte Farbe im Kommentarfeld angeben<\/p>\n","protected":false},"excerpt":{"rendered":"<p>ma\u00dfgefertigtes Truhencase f\u00fcr ein Cisco Webex Desk Pro inkl. eine seitliche Fach f\u00fcr Zubeh\u00f6r | hergestellt in Deutschland<\/p>\n","protected":false},"featured_media":213699,"template":"","meta":{"_acf_changed":false},"product_brand":[],"product_cat":[13576],"product_tag":[],"class_list":{"0":"post-213670","1":"product","2":"type-product","3":"status-publish","4":"has-post-thumbnail","6":"product_cat-cases-fuer-computer-und-zubehoer","8":"first","9":"instock","10":"taxable","11":"shipping-taxable","12":"purchasable","13":"product-type-simple"},"acf":[],"_links":{"self":[{"href":"https:\/\/megacase.com\/de\/wp-json\/wp\/v2\/product\/213670","targetHints":{"allow":["GET"]}}],"collection":[{"href":"https:\/\/megacase.com\/de\/wp-json\/wp\/v2\/product"}],"about":[{"href":"https:\/\/megacase.com\/de\/wp-json\/wp\/v2\/types\/product"}],"wp:featuredmedia":[{"embeddable":true,"href":"https:\/\/megacase.com\/de\/wp-json\/wp\/v2\/media\/213699"}],"wp:attachment":[{"href":"https:\/\/megacase.com\/de\/wp-json\/wp\/v2\/media?parent=213670"}],"wp:term":[{"taxonomy":"product_brand","embeddable":true,"href":"https:\/\/megacase.com\/de\/wp-json\/wp\/v2\/product_brand?post=213670"},{"taxonomy":"product_cat","embeddable":true,"href":"https:\/\/megacase.com\/de\/wp-json\/wp\/v2\/product_cat?post=213670"},{"taxonomy":"product_tag","embeddable":true,"href":"https:\/\/megacase.com\/de\/wp-json\/wp\/v2\/product_tag?post=213670"}],"curies":[{"name":"wp","href":"https:\/\/api.w.org\/{rel}","templated":true}]}}