{"id":212892,"date":"2021-04-08T13:09:43","date_gmt":"2021-04-08T11:09:43","guid":{"rendered":"https:\/\/megacase.com\/?post_type=product&#038;p=212892"},"modified":"2026-03-25T16:22:39","modified_gmt":"2026-03-25T15:22:39","slug":"rack-panel-1u-brush","status":"publish","type":"product","link":"https:\/\/megacase.com\/de\/produkt\/rack-panel-1u-brush\/","title":{"rendered":"Rack Panel 1U BRUSH"},"content":{"rendered":"<p>U-Rackblende im 19&#8243; Format mit B\u00fcrstenleiste zur Durchf\u00fchrung von Steckern und Kabeln<\/p>\n<p>Produktart &#8211; 19&#8243; Rackblenden<br \/>\nMaterial &#8211; Stahl<br \/>\nOberfl\u00e4che &#8211; pulverbeschichtet<br \/>\nFarbe &#8211; schwarz<br \/>\nH\u00f6he &#8211; 1 HE<br \/>\nBreite &#8211; 19 &#8220;<br \/>\nMaterialst\u00e4rke &#8211; 1,5 mm<br \/>\nGewicht &#8211; 0,305 kg<br \/>\nGr\u00f6\u00dfe der \u00d6ffnung : 400 mm x 21 mm<\/p>\n","protected":false},"excerpt":{"rendered":"<p>U-Rackblende im 19&#8243; Format mit B\u00fcrstenleiste zur Durchf\u00fchrung von Steckern und Kabeln | H\u00f6he &#8211; 1 HE<\/p>\n","protected":false},"featured_media":212893,"template":"","meta":{"_acf_changed":false},"product_brand":[],"product_cat":[13513],"product_tag":[],"class_list":{"0":"post-212892","1":"product","2":"type-product","3":"status-publish","4":"has-post-thumbnail","6":"product_cat-zubehoer-rack","8":"first","9":"instock","10":"taxable","11":"shipping-taxable","12":"purchasable","13":"product-type-simple"},"acf":[],"_links":{"self":[{"href":"https:\/\/megacase.com\/de\/wp-json\/wp\/v2\/product\/212892","targetHints":{"allow":["GET"]}}],"collection":[{"href":"https:\/\/megacase.com\/de\/wp-json\/wp\/v2\/product"}],"about":[{"href":"https:\/\/megacase.com\/de\/wp-json\/wp\/v2\/types\/product"}],"wp:featuredmedia":[{"embeddable":true,"href":"https:\/\/megacase.com\/de\/wp-json\/wp\/v2\/media\/212893"}],"wp:attachment":[{"href":"https:\/\/megacase.com\/de\/wp-json\/wp\/v2\/media?parent=212892"}],"wp:term":[{"taxonomy":"product_brand","embeddable":true,"href":"https:\/\/megacase.com\/de\/wp-json\/wp\/v2\/product_brand?post=212892"},{"taxonomy":"product_cat","embeddable":true,"href":"https:\/\/megacase.com\/de\/wp-json\/wp\/v2\/product_cat?post=212892"},{"taxonomy":"product_tag","embeddable":true,"href":"https:\/\/megacase.com\/de\/wp-json\/wp\/v2\/product_tag?post=212892"}],"curies":[{"name":"wp","href":"https:\/\/api.w.org\/{rel}","templated":true}]}}