{"id":212873,"date":"2021-04-07T18:39:05","date_gmt":"2021-04-07T16:39:05","guid":{"rendered":"https:\/\/megacase.com\/?post_type=product&#038;p=212873"},"modified":"2026-03-25T16:22:39","modified_gmt":"2026-03-25T15:22:39","slug":"lueftungsblende-1he","status":"publish","type":"product","link":"https:\/\/megacase.com\/de\/produkt\/lueftungsblende-1he\/","title":{"rendered":"L\u00fcftungsblende 1HE"},"content":{"rendered":"<p>Ideale L\u00fcftungsblende f\u00fcr Frischluftzufuhr im 19&#8243; Format zum Einbau in Racks.<\/p>\n<p>Produktart: 19&#8243; Rackblenden<br \/>\nMaterial: Stahl<br \/>\nOberfl\u00e4che: pulverbeschichtet<br \/>\nFarbe: schwarz<br \/>\nH\u00f6he: 1 HE<br \/>\nBreite: 19 &#8220;<br \/>\nMaterialst\u00e4rke: 1,5 mm<br \/>\nGewicht: 0,21 kg<\/p>\n","protected":false},"excerpt":{"rendered":"<p>Ideale L\u00fcftungsblende f\u00fcr Frischluftzufuhr im 19&#8243; Format zum Einbau in Racks | H\u00f6he: 1 HE<\/p>\n","protected":false},"featured_media":212874,"template":"","meta":{"_acf_changed":false},"product_brand":[],"product_cat":[13513],"product_tag":[],"class_list":{"0":"post-212873","1":"product","2":"type-product","3":"status-publish","4":"has-post-thumbnail","6":"product_cat-zubehoer-rack","8":"first","9":"instock","10":"taxable","11":"shipping-taxable","12":"purchasable","13":"product-type-simple"},"acf":[],"_links":{"self":[{"href":"https:\/\/megacase.com\/de\/wp-json\/wp\/v2\/product\/212873","targetHints":{"allow":["GET"]}}],"collection":[{"href":"https:\/\/megacase.com\/de\/wp-json\/wp\/v2\/product"}],"about":[{"href":"https:\/\/megacase.com\/de\/wp-json\/wp\/v2\/types\/product"}],"wp:featuredmedia":[{"embeddable":true,"href":"https:\/\/megacase.com\/de\/wp-json\/wp\/v2\/media\/212874"}],"wp:attachment":[{"href":"https:\/\/megacase.com\/de\/wp-json\/wp\/v2\/media?parent=212873"}],"wp:term":[{"taxonomy":"product_brand","embeddable":true,"href":"https:\/\/megacase.com\/de\/wp-json\/wp\/v2\/product_brand?post=212873"},{"taxonomy":"product_cat","embeddable":true,"href":"https:\/\/megacase.com\/de\/wp-json\/wp\/v2\/product_cat?post=212873"},{"taxonomy":"product_tag","embeddable":true,"href":"https:\/\/megacase.com\/de\/wp-json\/wp\/v2\/product_tag?post=212873"}],"curies":[{"name":"wp","href":"https:\/\/api.w.org\/{rel}","templated":true}]}}