{"id":212842,"date":"2021-04-06T22:02:38","date_gmt":"2021-04-06T20:02:38","guid":{"rendered":"https:\/\/megacase.com\/?post_type=product&#038;p=212842"},"modified":"2026-03-25T16:22:40","modified_gmt":"2026-03-25T15:22:40","slug":"rack-drawer-4u-ergo","status":"publish","type":"product","link":"https:\/\/megacase.com\/de\/produkt\/rack-drawer-4u-ergo\/","title":{"rendered":"Rack Drawer 4U Ergo"},"content":{"rendered":"<p>Die ERGO ist eine preisg\u00fcnstige, stabil konstruierte Rackschublade aus 1,5 mm starkem Stahl mit<br \/>\nleichter, ergonomischer Bedienenung. Ein versenkter Griff erstreckt sich \u00fcber die gesamte Front.<br \/>\nDas Zuschieben rastet die Schublade sicher ein, Ziehen am Griff l\u00f6st den Mechanism zum \u00d6ffnen.<br \/>\nDaf\u00fcr sind 1,5 kg Zugkraft n\u00f6tig. Die Rackschublade ist schwarz pulverbeschichtet und tr\u00e4gt 20 kg.<br \/>\nSie l\u00e4uft leichtg\u00e4ngig auf kugelgelagerten Teleskopschienen, l\u00e4sst sich vollst\u00e4ndig ausziehen und<br \/>\nkomplett herausnehmen.<\/p>\n<p>Produktart: 19&#8243; Rackschubladen<br \/>\nMaterial: Stahl<br \/>\nOberfl\u00e4che: pulverbeschichtet<br \/>\nFarbe: schwarz<br \/>\nH\u00f6he Au\u00dfen: 4 HE<br \/>\nBreite Au\u00dfen: 484,6 mm<br \/>\nTiefe Au\u00dfen: 387,8 mm<br \/>\nH\u00f6he Innen: 168,6 mm<br \/>\nBreite Innen: 405,9 mm<br \/>\nTiefe Innen: 358,5 mm<br \/>\nMax. Belastbarkeit: 20 kg<br \/>\nMaterialst\u00e4rke: 1,5 mm<br \/>\nGewicht: 9 kg<\/p>\n","protected":false},"excerpt":{"rendered":"<p>stabil konstruierte Rackschublade aus 1,5 mm starkem Stahl mit leichter, ergonomischer Bedienenung | Max. Belastbarkeit: 20 kg<\/p>\n","protected":false},"featured_media":212851,"template":"","meta":{"_acf_changed":false},"product_brand":[],"product_cat":[13513],"product_tag":[14293],"class_list":{"0":"post-212842","1":"product","2":"type-product","3":"status-publish","4":"has-post-thumbnail","6":"product_cat-zubehoer-rack","7":"product_tag-schublade","9":"first","10":"instock","11":"taxable","12":"shipping-taxable","13":"purchasable","14":"product-type-simple"},"acf":[],"_links":{"self":[{"href":"https:\/\/megacase.com\/de\/wp-json\/wp\/v2\/product\/212842","targetHints":{"allow":["GET"]}}],"collection":[{"href":"https:\/\/megacase.com\/de\/wp-json\/wp\/v2\/product"}],"about":[{"href":"https:\/\/megacase.com\/de\/wp-json\/wp\/v2\/types\/product"}],"wp:featuredmedia":[{"embeddable":true,"href":"https:\/\/megacase.com\/de\/wp-json\/wp\/v2\/media\/212851"}],"wp:attachment":[{"href":"https:\/\/megacase.com\/de\/wp-json\/wp\/v2\/media?parent=212842"}],"wp:term":[{"taxonomy":"product_brand","embeddable":true,"href":"https:\/\/megacase.com\/de\/wp-json\/wp\/v2\/product_brand?post=212842"},{"taxonomy":"product_cat","embeddable":true,"href":"https:\/\/megacase.com\/de\/wp-json\/wp\/v2\/product_cat?post=212842"},{"taxonomy":"product_tag","embeddable":true,"href":"https:\/\/megacase.com\/de\/wp-json\/wp\/v2\/product_tag?post=212842"}],"curies":[{"name":"wp","href":"https:\/\/api.w.org\/{rel}","templated":true}]}}