{"id":212000,"date":"2021-03-25T07:34:37","date_gmt":"2021-03-25T06:34:37","guid":{"rendered":"https:\/\/megacase.com\/?post_type=product&#038;p=212000"},"modified":"2026-03-25T16:22:43","modified_gmt":"2026-03-25T15:22:43","slug":"flightcase-optoma-zh500t","status":"publish","type":"product","link":"https:\/\/megacase.com\/de\/produkt\/flightcase-optoma-zh500t\/","title":{"rendered":"Flightcase Optoma ZH500T"},"content":{"rendered":"<p>passendes Koffercase f\u00fcr ein Optoma ZH500T und 510TE Beamer mit gepolsterten Zubeh\u00f6rfach<br \/>\nbestehend aus:<br \/>\n6,8 mm Birkenmultiplex phenolharz beschichtet<br \/>\nFarbe: braun<br \/>\n30&#215;30 mm Alukante<br \/>\n2 Butterfly Verschluss mittel<br \/>\n2 Feststellscharnier<br \/>\n1 Klappgriff medium<br \/>\n4 Kugelecke mittel mit L-Ecke<br \/>\n4 Kugelecke mittel<br \/>\nSchaumstoffpolsterung<br \/>\nmit gepolstertem 15cm Zubeh\u00f6rfach<br \/>\nAu\u00dfenma\u00dfe BxTxH 690x500x230 mm<br \/>\nGewicht: 9,5 kg<br \/>\nhergestellt in Deutschland<\/p>\n","protected":false},"excerpt":{"rendered":"<p>passendes Koffercase f\u00fcr ein Optoma ZH510 Beamer mit gepolsterten Zubeh\u00f6rfach | mit gepolstertem 15cm Zubeh\u00f6rfach | hergestellt in Deutschland<\/p>\n","protected":false},"featured_media":212005,"template":"","meta":{"_acf_changed":false},"product_brand":[],"product_cat":[13553],"product_tag":[],"class_list":{"0":"post-212000","1":"product","2":"type-product","3":"status-publish","4":"has-post-thumbnail","6":"product_cat-beamercases-und-zubehoer-koffer","8":"first","9":"instock","10":"taxable","11":"shipping-taxable","12":"purchasable","13":"product-type-simple"},"acf":[],"_links":{"self":[{"href":"https:\/\/megacase.com\/de\/wp-json\/wp\/v2\/product\/212000","targetHints":{"allow":["GET"]}}],"collection":[{"href":"https:\/\/megacase.com\/de\/wp-json\/wp\/v2\/product"}],"about":[{"href":"https:\/\/megacase.com\/de\/wp-json\/wp\/v2\/types\/product"}],"wp:featuredmedia":[{"embeddable":true,"href":"https:\/\/megacase.com\/de\/wp-json\/wp\/v2\/media\/212005"}],"wp:attachment":[{"href":"https:\/\/megacase.com\/de\/wp-json\/wp\/v2\/media?parent=212000"}],"wp:term":[{"taxonomy":"product_brand","embeddable":true,"href":"https:\/\/megacase.com\/de\/wp-json\/wp\/v2\/product_brand?post=212000"},{"taxonomy":"product_cat","embeddable":true,"href":"https:\/\/megacase.com\/de\/wp-json\/wp\/v2\/product_cat?post=212000"},{"taxonomy":"product_tag","embeddable":true,"href":"https:\/\/megacase.com\/de\/wp-json\/wp\/v2\/product_tag?post=212000"}],"curies":[{"name":"wp","href":"https:\/\/api.w.org\/{rel}","templated":true}]}}