{"id":211962,"date":"2021-03-25T07:07:36","date_gmt":"2021-03-25T06:07:36","guid":{"rendered":"https:\/\/megacase.com\/?post_type=product&#038;p=211962"},"modified":"2026-03-25T16:22:44","modified_gmt":"2026-03-25T15:22:44","slug":"flightcase-optoma-zh406st-fa","status":"publish","type":"product","link":"https:\/\/megacase.com\/de\/produkt\/flightcase-optoma-zh406st-fa\/","title":{"rendered":"Flightcase Optoma ZH406ST + FA"},"content":{"rendered":"<p>passendes Koffercase f\u00fcr ein Optoma ZH406ST Beamer mit Zubeh\u00f6rfach<br \/>\nbestehend aus:<br \/>\n6,8 mm Birkenmultiplex beschichtet<br \/>\nFarbe: <a href=\"https:\/\/megacase.com\/de\/farben-beschichtungen\/\">frei w\u00e4hlbar<\/a><br \/>\n30&#215;30 mm Alukante<br \/>\n2 Butterfly Verschluss mittel<br \/>\n2 Feststellscharnier gro\u00df<br \/>\n1 Klappgriff medium<br \/>\n4 Kugelecke mittel mit L-Ecke<br \/>\n4 Kugelecke mittel<br \/>\nSchaumstoffpolsterung<br \/>\nmit gepolstertem 15cm Zubeh\u00f6rfach<br \/>\nhergestellt in Deutschland<br \/>\nAu\u00dfenma\u00dfe BxTxH 630x345x240 mm<br \/>\nGewicht: 7,9 kg<\/p>\n<p>Bei einer Bestellung bitte die gew\u00fcnschte Farbe im Kommentarfeld angeben<\/p>\n","protected":false},"excerpt":{"rendered":"<p>passendes Koffercase f\u00fcr ein Optoma ZH406ST Beamer mit Zubeh\u00f6rfach | mit gepolstertem 15cm Zubeh\u00f6rfach | hergestellt in Deutschland<\/p>\n","protected":false},"featured_media":211967,"template":"","meta":{"_acf_changed":false},"product_brand":[],"product_cat":[13553],"product_tag":[],"class_list":{"0":"post-211962","1":"product","2":"type-product","3":"status-publish","4":"has-post-thumbnail","6":"product_cat-beamercases-und-zubehoer-koffer","8":"first","9":"instock","10":"taxable","11":"shipping-taxable","12":"purchasable","13":"product-type-simple"},"acf":[],"_links":{"self":[{"href":"https:\/\/megacase.com\/de\/wp-json\/wp\/v2\/product\/211962","targetHints":{"allow":["GET"]}}],"collection":[{"href":"https:\/\/megacase.com\/de\/wp-json\/wp\/v2\/product"}],"about":[{"href":"https:\/\/megacase.com\/de\/wp-json\/wp\/v2\/types\/product"}],"wp:featuredmedia":[{"embeddable":true,"href":"https:\/\/megacase.com\/de\/wp-json\/wp\/v2\/media\/211967"}],"wp:attachment":[{"href":"https:\/\/megacase.com\/de\/wp-json\/wp\/v2\/media?parent=211962"}],"wp:term":[{"taxonomy":"product_brand","embeddable":true,"href":"https:\/\/megacase.com\/de\/wp-json\/wp\/v2\/product_brand?post=211962"},{"taxonomy":"product_cat","embeddable":true,"href":"https:\/\/megacase.com\/de\/wp-json\/wp\/v2\/product_cat?post=211962"},{"taxonomy":"product_tag","embeddable":true,"href":"https:\/\/megacase.com\/de\/wp-json\/wp\/v2\/product_tag?post=211962"}],"curies":[{"name":"wp","href":"https:\/\/api.w.org\/{rel}","templated":true}]}}