{"id":211889,"date":"2021-03-25T06:59:50","date_gmt":"2021-03-25T05:59:50","guid":{"rendered":"https:\/\/megacase.com\/?post_type=product&#038;p=211889"},"modified":"2026-03-25T16:22:44","modified_gmt":"2026-03-25T15:22:44","slug":"flightcase-clavia-nord-grand-pedal","status":"publish","type":"product","link":"https:\/\/megacase.com\/de\/produkt\/flightcase-clavia-nord-grand-pedal\/","title":{"rendered":"Flightcase Clavia Nord Grand + Pedal"},"content":{"rendered":"<p>passendes Koffercase mit Schaumstoffpolsterung und Zubeh\u00f6rf\u00e4cher f\u00fcr ein Clavia Nord Grand inkl. 3-Fach Pedal<br \/>\n6,8 mm Birkenmultiplex phenol beschichtet<br \/>\nFarbe: braun<br \/>\n30x30mm Alukante<br \/>\n6 Butterfly Verschl\u00fcsse mittel<br \/>\n8 Klappgriff mittel<br \/>\n8 Stahlkugelecken mittel<br \/>\n8 Gummif\u00fc\u00dfe 38 x 20mm zum hochkant abstellen und und zum legen<br \/>\nSchaumstoffpolsterung<br \/>\nFach links passend f\u00fcr das 3-Fach Fu\u00dfpedal<br \/>\n10cm Fach rechts gepolstert f\u00fcr Zubeh\u00f6r<br \/>\nHergestellt in Deutschland<br \/>\nAu\u00dfenma\u00dfe BxTxH ca.: 1805 x 500 x 272 mm<br \/>\nGewicht ca.: 22,6 kg<\/p>\n","protected":false},"excerpt":{"rendered":"<p>passendes Koffercase mit Schaumstoffpolsterung und Zubeh\u00f6rf\u00e4cher f\u00fcr ein Clavia Nord Grand inkl. 3-Fach Pedal | Hergestellt in Deutschland<\/p>\n","protected":false},"featured_media":211946,"template":"","meta":{"_acf_changed":false},"product_brand":[],"product_cat":[13511],"product_tag":[],"class_list":{"0":"post-211889","1":"product","2":"type-product","3":"status-publish","4":"has-post-thumbnail","6":"product_cat-keyboard-cases","8":"first","9":"instock","10":"taxable","11":"shipping-taxable","12":"purchasable","13":"product-type-simple"},"acf":[],"_links":{"self":[{"href":"https:\/\/megacase.com\/de\/wp-json\/wp\/v2\/product\/211889","targetHints":{"allow":["GET"]}}],"collection":[{"href":"https:\/\/megacase.com\/de\/wp-json\/wp\/v2\/product"}],"about":[{"href":"https:\/\/megacase.com\/de\/wp-json\/wp\/v2\/types\/product"}],"wp:featuredmedia":[{"embeddable":true,"href":"https:\/\/megacase.com\/de\/wp-json\/wp\/v2\/media\/211946"}],"wp:attachment":[{"href":"https:\/\/megacase.com\/de\/wp-json\/wp\/v2\/media?parent=211889"}],"wp:term":[{"taxonomy":"product_brand","embeddable":true,"href":"https:\/\/megacase.com\/de\/wp-json\/wp\/v2\/product_brand?post=211889"},{"taxonomy":"product_cat","embeddable":true,"href":"https:\/\/megacase.com\/de\/wp-json\/wp\/v2\/product_cat?post=211889"},{"taxonomy":"product_tag","embeddable":true,"href":"https:\/\/megacase.com\/de\/wp-json\/wp\/v2\/product_tag?post=211889"}],"curies":[{"name":"wp","href":"https:\/\/api.w.org\/{rel}","templated":true}]}}