{"id":211836,"date":"2021-03-25T06:50:25","date_gmt":"2021-03-25T05:50:25","guid":{"rendered":"https:\/\/megacase.com\/?post_type=product&#038;p=211836"},"modified":"2026-03-25T16:22:45","modified_gmt":"2026-03-25T15:22:45","slug":"flightcase-silver-jura-x8","status":"publish","type":"product","link":"https:\/\/megacase.com\/de\/produkt\/flightcase-silver-jura-x8\/","title":{"rendered":"Flightcase silver Jura X8"},"content":{"rendered":"<p>Winkelcase mit Schaumstoffpolsterung f\u00fcr eine Jura X8 inkl. Platz f\u00fcr Wasserfilter und Milchschl\u00e4uche<br \/>\nbestehend aus:<br \/>\n6,8 mm Wabenkunststoff<br \/>\nFarbe: Silber<br \/>\n25 x 25 mm Alukante<br \/>\n3x Butterfly Verschl\u00fcsse mittel<br \/>\n2 Scharniere rechts<br \/>\n4x Klappgriff mittel<br \/>\n8 flache Stahlecken mittel<\/p>\n<p>Fach<br \/>\nSchaumstoffpolsterung<br \/>\n4 Gummif\u00fc\u00dfe 38 x 20 mm<br \/>\nhergestellt in Deutschland<br \/>\nAu\u00dfenma\u00dfe BxTxH ca.: 418 x 620 x 582 mm<br \/>\nGewicht ca.: 10 kg<\/p>\n","protected":false},"excerpt":{"rendered":"<p>Winkelcase mit Schaumstoffpolsterung f\u00fcr eine Jura X8 inkl. Platz f\u00fcr Wasserfilter und Milchschl\u00e4uche | hergestellt in Deutschland<\/p>\n","protected":false},"featured_media":248473,"template":"","meta":{"_acf_changed":false},"product_brand":[],"product_cat":[13565],"product_tag":[],"class_list":{"0":"post-211836","1":"product","2":"type-product","3":"status-publish","4":"has-post-thumbnail","6":"product_cat-catering-und-event-cases","8":"first","9":"instock","10":"taxable","11":"shipping-taxable","12":"purchasable","13":"product-type-simple"},"acf":[],"_links":{"self":[{"href":"https:\/\/megacase.com\/de\/wp-json\/wp\/v2\/product\/211836","targetHints":{"allow":["GET"]}}],"collection":[{"href":"https:\/\/megacase.com\/de\/wp-json\/wp\/v2\/product"}],"about":[{"href":"https:\/\/megacase.com\/de\/wp-json\/wp\/v2\/types\/product"}],"wp:featuredmedia":[{"embeddable":true,"href":"https:\/\/megacase.com\/de\/wp-json\/wp\/v2\/media\/248473"}],"wp:attachment":[{"href":"https:\/\/megacase.com\/de\/wp-json\/wp\/v2\/media?parent=211836"}],"wp:term":[{"taxonomy":"product_brand","embeddable":true,"href":"https:\/\/megacase.com\/de\/wp-json\/wp\/v2\/product_brand?post=211836"},{"taxonomy":"product_cat","embeddable":true,"href":"https:\/\/megacase.com\/de\/wp-json\/wp\/v2\/product_cat?post=211836"},{"taxonomy":"product_tag","embeddable":true,"href":"https:\/\/megacase.com\/de\/wp-json\/wp\/v2\/product_tag?post=211836"}],"curies":[{"name":"wp","href":"https:\/\/api.w.org\/{rel}","templated":true}]}}