{"id":211499,"date":"2021-03-23T16:05:08","date_gmt":"2021-03-23T15:05:08","guid":{"rendered":"https:\/\/megacase.com\/?post_type=product&#038;p=211499"},"modified":"2026-03-25T16:22:46","modified_gmt":"2026-03-25T15:22:46","slug":"flightcase-clavia-nord-lead-4r","status":"publish","type":"product","link":"https:\/\/megacase.com\/de\/produkt\/flightcase-clavia-nord-lead-4r\/","title":{"rendered":"Flightcase Clavia Nord Lead 4R"},"content":{"rendered":"<p>passendes Haubencase f\u00fcr ein Clavia Nord Lead 4R<br \/>\naus 6,8 mm Birkenmultiplex phenolharz beschichtet<br \/>\nFarbe: braun<br \/>\n22 x 22 mm Alukante<br \/>\n2 Butterfly-Verschl\u00fcsse klein<br \/>\n1 Ledergriff<br \/>\n4 Gummif\u00fc\u00dfe 38 x 10 mm<br \/>\n8 Kugelecken klein<br \/>\n10cm Platz hinten f\u00fcr Anschl\u00fcsse<br \/>\nSchaumstoffpolsterung<br \/>\nHergestellt in Deutschland<br \/>\nAu\u00dfenma\u00dfen BxTxH ca.: 525 x 340 x 176 mm<br \/>\nGewicht ca.: 3,7 kg<\/p>\n","protected":false},"excerpt":{"rendered":"<p>passendes Haubencase f\u00fcr ein Clavia Nord Lead 4R | 10cm Platz hinten f\u00fcr Anschl\u00fcsse | Hergestellt in Deutschland<\/p>\n","protected":false},"featured_media":211540,"template":"","meta":{"_acf_changed":false},"product_brand":[],"product_cat":[14023],"product_tag":[],"class_list":{"0":"post-211499","1":"product","2":"type-product","3":"status-publish","4":"has-post-thumbnail","6":"product_cat-synthesizer-anwendungsgebiete","8":"first","9":"instock","10":"taxable","11":"shipping-taxable","12":"purchasable","13":"product-type-simple"},"acf":[],"_links":{"self":[{"href":"https:\/\/megacase.com\/de\/wp-json\/wp\/v2\/product\/211499","targetHints":{"allow":["GET"]}}],"collection":[{"href":"https:\/\/megacase.com\/de\/wp-json\/wp\/v2\/product"}],"about":[{"href":"https:\/\/megacase.com\/de\/wp-json\/wp\/v2\/types\/product"}],"wp:featuredmedia":[{"embeddable":true,"href":"https:\/\/megacase.com\/de\/wp-json\/wp\/v2\/media\/211540"}],"wp:attachment":[{"href":"https:\/\/megacase.com\/de\/wp-json\/wp\/v2\/media?parent=211499"}],"wp:term":[{"taxonomy":"product_brand","embeddable":true,"href":"https:\/\/megacase.com\/de\/wp-json\/wp\/v2\/product_brand?post=211499"},{"taxonomy":"product_cat","embeddable":true,"href":"https:\/\/megacase.com\/de\/wp-json\/wp\/v2\/product_cat?post=211499"},{"taxonomy":"product_tag","embeddable":true,"href":"https:\/\/megacase.com\/de\/wp-json\/wp\/v2\/product_tag?post=211499"}],"curies":[{"name":"wp","href":"https:\/\/api.w.org\/{rel}","templated":true}]}}