{"id":211354,"date":"2021-03-22T15:58:38","date_gmt":"2021-03-22T14:58:38","guid":{"rendered":"https:\/\/megacase.com\/?post_type=product&#038;p=211354"},"modified":"2026-03-25T16:12:27","modified_gmt":"2026-03-25T15:12:27","slug":"producer-rack-23u-63wheel","status":"publish","type":"product","link":"https:\/\/megacase.com\/de\/produkt\/producer-rack-23u-63wheel\/","title":{"rendered":"Producer Rack 23U 63+wheel"},"content":{"rendered":"<p>Regierack mit freien 23HE darunter inkl. Vesahalterung im oberen Klappdeckel<br \/>\naus 9mm Birkenmultiplex beschichtet<br \/>\nFarbe: <a href=\"https:\/\/megacase.com\/de\/farben-beschichtungen\/\">frei w\u00e4hlbar<\/a><br \/>\n30 x 30mm Alukante<br \/>\n9 Butterfly-Verschl\u00fcsse mittel<br \/>\n1 Butterfly-Verschluss klein f\u00fcr seitliche Serviceklappe<br \/>\n4 Klappgriffe mittel<br \/>\n4 Flug\u00f6sen<br \/>\n4 Overlatch-Verschl\u00fcsse f\u00fcr abnehmbares Rollbrett<br \/>\nrechts eine Serviceklappe<br \/>\nDeckel vorne und hinten abnehmbar<br \/>\nhinterer Deckel mit Tischfunktion<br \/>\nvorderer Deckel mit Polycarbonat<br \/>\noben eine Ablagefl\u00e4che. Gr\u00f6\u00dfe: 510 x 550<br \/>\nRackschienen vorne und hinten<br \/>\nvordere Rackschiene 105,6cm \/ca. 23,7HE<br \/>\nhintere Rackschiene 119,4 cm\/ca. 26.7HE<br \/>\noberer Deckel mit Vesa-Halterung<br \/>\nHergestellt in Deutschland<br \/>\nAu\u00dfenma\u00dfe BxTxH ca.: 555 x 810 x 1393 mm<br \/>\nGewicht ca.: 61 kg<\/p>\n<p>Bei einer Bestellung bitte die gew\u00fcnschte Farbe im Kommentarfeld angeben<\/p>\n","protected":false},"excerpt":{"rendered":"<p>Regierack mit freien 23HE darunter inkl. Vesahalterung im oberen Klappdeckel | Hergestellt in Deutschland<\/p>\n","protected":false},"featured_media":211423,"template":"","meta":{"_acf_changed":false},"product_brand":[],"product_cat":[13510,16061],"product_tag":[],"class_list":{"0":"post-211354","1":"product","2":"type-product","3":"status-publish","4":"has-post-thumbnail","6":"product_cat-racks","7":"product_cat-cases-fuer-video-equipment","9":"first","10":"instock","11":"taxable","12":"shipping-taxable","13":"purchasable","14":"product-type-simple"},"acf":[],"_links":{"self":[{"href":"https:\/\/megacase.com\/de\/wp-json\/wp\/v2\/product\/211354","targetHints":{"allow":["GET"]}}],"collection":[{"href":"https:\/\/megacase.com\/de\/wp-json\/wp\/v2\/product"}],"about":[{"href":"https:\/\/megacase.com\/de\/wp-json\/wp\/v2\/types\/product"}],"wp:featuredmedia":[{"embeddable":true,"href":"https:\/\/megacase.com\/de\/wp-json\/wp\/v2\/media\/211423"}],"wp:attachment":[{"href":"https:\/\/megacase.com\/de\/wp-json\/wp\/v2\/media?parent=211354"}],"wp:term":[{"taxonomy":"product_brand","embeddable":true,"href":"https:\/\/megacase.com\/de\/wp-json\/wp\/v2\/product_brand?post=211354"},{"taxonomy":"product_cat","embeddable":true,"href":"https:\/\/megacase.com\/de\/wp-json\/wp\/v2\/product_cat?post=211354"},{"taxonomy":"product_tag","embeddable":true,"href":"https:\/\/megacase.com\/de\/wp-json\/wp\/v2\/product_tag?post=211354"}],"curies":[{"name":"wp","href":"https:\/\/api.w.org\/{rel}","templated":true}]}}