{"id":210739,"date":"2021-03-15T14:20:50","date_gmt":"2021-03-15T13:20:50","guid":{"rendered":"https:\/\/megacase.com\/?post_type=product&#038;p=210739"},"modified":"2026-03-25T16:12:30","modified_gmt":"2026-03-25T15:12:30","slug":"rack-sl-d-8u-50-shockmount","status":"publish","type":"product","link":"https:\/\/megacase.com\/de\/produkt\/rack-sl-d-8u-50-shockmount\/","title":{"rendered":"Rack SL-D 8U 50 Shockmount"},"content":{"rendered":"<p>Material: 6,8mm Birkenmultiplex beschichtet<br \/>\nFarbe: schwarz<br \/>\nEinbauh\u00f6he: 8HE<br \/>\nEinbautiefe: 50 cm<br \/>\nRackschiene vorne und hinten<br \/>\njede Rackschiene wird durch Gummipuffer einzeln gefedert<br \/>\n30 x 30 mm Alukante<br \/>\n2 Riegel-Verschl\u00fcsse<br \/>\n4 Klappgriffe mittel<br \/>\n8 Flachecken<br \/>\n4 Gummif\u00fc\u00dfe 38&#215;25 mm<br \/>\n4 Stapelschalen f\u00fcr Gummif\u00fc\u00dfe<br \/>\nAu\u00dfenma\u00dfe (B x T x H): 570 x 625 x 540 mm<br \/>\nGewicht: 16,4 kg<br \/>\ninkl. Befestigungsmaterial<br \/>\nhergestellt in Deutschland<\/p>\n<p>passendes Rollbrett Art. <a href=\"https:\/\/megacase.com\/de\/produkt\/mega-stacking-wheel-board-sl-d\/\">513254<\/a><\/p>\n","protected":false},"excerpt":{"rendered":"<p>Einbauh\u00f6he: 8HE | Einbautiefe: 50 cm | Material: 6,8mm Birkenmultiplex beschichtet | hergestellt in Deutschland<\/p>\n","protected":false},"featured_media":210784,"template":"","meta":{"_acf_changed":false},"product_brand":[],"product_cat":[13510],"product_tag":[14027],"class_list":{"0":"post-210739","1":"product","2":"type-product","3":"status-publish","4":"has-post-thumbnail","6":"product_cat-racks","7":"product_tag-shockmount","9":"first","10":"instock","11":"taxable","12":"shipping-taxable","13":"purchasable","14":"product-type-simple"},"acf":[],"_links":{"self":[{"href":"https:\/\/megacase.com\/de\/wp-json\/wp\/v2\/product\/210739","targetHints":{"allow":["GET"]}}],"collection":[{"href":"https:\/\/megacase.com\/de\/wp-json\/wp\/v2\/product"}],"about":[{"href":"https:\/\/megacase.com\/de\/wp-json\/wp\/v2\/types\/product"}],"wp:featuredmedia":[{"embeddable":true,"href":"https:\/\/megacase.com\/de\/wp-json\/wp\/v2\/media\/210784"}],"wp:attachment":[{"href":"https:\/\/megacase.com\/de\/wp-json\/wp\/v2\/media?parent=210739"}],"wp:term":[{"taxonomy":"product_brand","embeddable":true,"href":"https:\/\/megacase.com\/de\/wp-json\/wp\/v2\/product_brand?post=210739"},{"taxonomy":"product_cat","embeddable":true,"href":"https:\/\/megacase.com\/de\/wp-json\/wp\/v2\/product_cat?post=210739"},{"taxonomy":"product_tag","embeddable":true,"href":"https:\/\/megacase.com\/de\/wp-json\/wp\/v2\/product_tag?post=210739"}],"curies":[{"name":"wp","href":"https:\/\/api.w.org\/{rel}","templated":true}]}}