{"id":210546,"date":"2021-03-15T13:56:30","date_gmt":"2021-03-15T12:56:30","guid":{"rendered":"https:\/\/megacase.com\/?post_type=product&#038;p=210546"},"modified":"2026-03-25T16:12:32","modified_gmt":"2026-03-25T15:12:32","slug":"rack-sl-d-3u-50-shockmount","status":"publish","type":"product","link":"https:\/\/megacase.com\/de\/produkt\/rack-sl-d-3u-50-shockmount\/","title":{"rendered":"Rack SL-D 3U 50 Shockmount"},"content":{"rendered":"<p>Material: 6,8 mm Birkenmultiplex beschichtet<br \/>\nFarbe: schwarz<br \/>\nEinbauh\u00f6he: 3 HE<br \/>\nEinbautiefe: 50 cm<br \/>\nRackschiene vorne und hinten<br \/>\njede Rackschiene wird durch Gummipuffer einzeln gefedert<br \/>\n30 x 30 mm Alukante<br \/>\n2 Riegel-Verschl\u00fcsse<br \/>\n2 Klappgriffe<br \/>\n8 Flachecken<br \/>\n4 Gummif\u00fc\u00dfe 38&#215;25 mm<br \/>\n4 Stapelschalen f\u00fcr Gummif\u00fc\u00dfe<br \/>\nAu\u00dfenma\u00dfe (B x T x H): 570 x 625 x 295 mm<br \/>\nGewicht: 11,6 kg<br \/>\nFarbe: Schwarz beschichtet<br \/>\ninkl. Befestigungsmaterial<br \/>\nhergestellt in Deutschland<\/p>\n<p>passendes Rollbrett Art. <a href=\"https:\/\/megacase.com\/de\/produkt\/mega-stacking-wheel-board-sl-d\/\">513254<\/a><\/p>\n","protected":false},"excerpt":{"rendered":"<p>Material: 6,8 mm Birkenmultiplex beschichtet Farbe: schwarz Einbauh\u00f6he: 3 HE Einbautiefe: 50 cm Rackschiene vorne und hinten jede Rackschiene wird<\/p>\n","protected":false},"featured_media":210579,"template":"","meta":{"_acf_changed":false},"product_brand":[],"product_cat":[13510],"product_tag":[14027],"class_list":{"0":"post-210546","1":"product","2":"type-product","3":"status-publish","4":"has-post-thumbnail","6":"product_cat-racks","7":"product_tag-shockmount","9":"first","10":"instock","11":"taxable","12":"shipping-taxable","13":"purchasable","14":"product-type-simple"},"acf":[],"_links":{"self":[{"href":"https:\/\/megacase.com\/de\/wp-json\/wp\/v2\/product\/210546","targetHints":{"allow":["GET"]}}],"collection":[{"href":"https:\/\/megacase.com\/de\/wp-json\/wp\/v2\/product"}],"about":[{"href":"https:\/\/megacase.com\/de\/wp-json\/wp\/v2\/types\/product"}],"wp:featuredmedia":[{"embeddable":true,"href":"https:\/\/megacase.com\/de\/wp-json\/wp\/v2\/media\/210579"}],"wp:attachment":[{"href":"https:\/\/megacase.com\/de\/wp-json\/wp\/v2\/media?parent=210546"}],"wp:term":[{"taxonomy":"product_brand","embeddable":true,"href":"https:\/\/megacase.com\/de\/wp-json\/wp\/v2\/product_brand?post=210546"},{"taxonomy":"product_cat","embeddable":true,"href":"https:\/\/megacase.com\/de\/wp-json\/wp\/v2\/product_cat?post=210546"},{"taxonomy":"product_tag","embeddable":true,"href":"https:\/\/megacase.com\/de\/wp-json\/wp\/v2\/product_tag?post=210546"}],"curies":[{"name":"wp","href":"https:\/\/api.w.org\/{rel}","templated":true}]}}