{"id":210516,"date":"2021-03-15T13:46:14","date_gmt":"2021-03-15T12:46:14","guid":{"rendered":"https:\/\/megacase.com\/?post_type=product&#038;p=210516"},"modified":"2026-03-25T16:12:32","modified_gmt":"2026-03-25T15:12:32","slug":"mega-stacking-wheel-board-sl-d","status":"publish","type":"product","link":"https:\/\/megacase.com\/de\/produkt\/mega-stacking-wheel-board-sl-d\/","title":{"rendered":"Mega Stacking Wheel Board SL-D"},"content":{"rendered":"<p>Stacking Rollbrett gebremst SL-D shock Case ET 50<br \/>\nRollbrett<br \/>\n18 mm Birkenmultiplex schwarz<br \/>\nEinfr\u00e4sungen f\u00fcr Gummif\u00fc\u00dfe<br \/>\n4 Rollen 100 mm davon 2 gebremst<br \/>\nTraglast ca. 450Kg<br \/>\nhergestellt in Deutschland<br \/>\nAu\u00dfenma\u00dfe (B x T x H): 615 x 565 x 150 mm<br \/>\nGewicht: 9 kg<\/p>\n<p>passend zu Art. <a href=\"https:\/\/megacase.com\/de\/produkt\/rack-sl-d-3u-50-shockmount\/\">472033<\/a>, <a href=\"https:\/\/megacase.com\/de\/produkt\/rack-sl-d-4u-50-shockmount\/\">472034<\/a>, <a href=\"https:\/\/megacase.com\/de\/produkt\/rack-sl-d-6u-50-shockmount\/\">472035<\/a> und <a href=\"https:\/\/megacase.com\/de\/produkt\/rack-sl-d-8u-50-shockmount\/\">472036<\/a><\/p>\n","protected":false},"excerpt":{"rendered":"<p>passendes Rollbret f\u00fcr Sliding Door Rack von Megacase | mit 4 montierten 100mm Lenkrollen | hergestellt in Deutschland<\/p>\n","protected":false},"featured_media":210533,"template":"","meta":{"_acf_changed":false},"product_brand":[],"product_cat":[13513],"product_tag":[],"class_list":{"0":"post-210516","1":"product","2":"type-product","3":"status-publish","4":"has-post-thumbnail","6":"product_cat-zubehoer-rack","8":"first","9":"instock","10":"taxable","11":"shipping-taxable","12":"purchasable","13":"product-type-simple"},"acf":[],"_links":{"self":[{"href":"https:\/\/megacase.com\/de\/wp-json\/wp\/v2\/product\/210516","targetHints":{"allow":["GET"]}}],"collection":[{"href":"https:\/\/megacase.com\/de\/wp-json\/wp\/v2\/product"}],"about":[{"href":"https:\/\/megacase.com\/de\/wp-json\/wp\/v2\/types\/product"}],"wp:featuredmedia":[{"embeddable":true,"href":"https:\/\/megacase.com\/de\/wp-json\/wp\/v2\/media\/210533"}],"wp:attachment":[{"href":"https:\/\/megacase.com\/de\/wp-json\/wp\/v2\/media?parent=210516"}],"wp:term":[{"taxonomy":"product_brand","embeddable":true,"href":"https:\/\/megacase.com\/de\/wp-json\/wp\/v2\/product_brand?post=210516"},{"taxonomy":"product_cat","embeddable":true,"href":"https:\/\/megacase.com\/de\/wp-json\/wp\/v2\/product_cat?post=210516"},{"taxonomy":"product_tag","embeddable":true,"href":"https:\/\/megacase.com\/de\/wp-json\/wp\/v2\/product_tag?post=210516"}],"curies":[{"name":"wp","href":"https:\/\/api.w.org\/{rel}","templated":true}]}}