{"id":209825,"date":"2021-03-11T06:06:20","date_gmt":"2021-03-11T05:06:20","guid":{"rendered":"https:\/\/megacase.com\/?post_type=product&#038;p=209825"},"modified":"2026-03-25T16:12:40","modified_gmt":"2026-03-25T15:12:40","slug":"flightcase-tyst-ty-1500","status":"publish","type":"product","link":"https:\/\/megacase.com\/de\/produkt\/flightcase-tyst-ty-1500\/","title":{"rendered":"Flightcase TYST TY-1500"},"content":{"rendered":"<p>passendes Haubencase f\u00fcr ein TYST 1500HD SWTCHER Control panel<br \/>\naus 6,8 mm Birkenmutliplex beschichtet<br \/>\nFarbe: <a href=\"https:\/\/megacase.com\/de\/farben-beschichtungen\/\">frei w\u00e4hlbar<\/a><br \/>\n22 x 22mm Alukante<br \/>\n2 Butterfly-Verschl\u00fcsse klein<br \/>\n1 Koffergriff<br \/>\n8 Kugelecken klein<br \/>\n4 Gummif\u00fc\u00dfe 38 x 10 mm<br \/>\nSchaumstoffpolsterung<br \/>\nAlle Anschl\u00fcsse frei zug\u00e4nglich<br \/>\nGer\u00e4t kann im Unterteil bedient werden<br \/>\nhergestellt in Deutschland<br \/>\nAu\u00dfenma\u00dfe BxTxH ca.: 496 x 280 x 192 mm<br \/>\nGewicht ca.: 4 kg<\/p>\n<p>Bei einer Bestellung bitte die gew\u00fcnschte Farbe im Kommentarfeld angeben<\/p>\n","protected":false},"excerpt":{"rendered":"<p>passendes Haubencase f\u00fcr ein TYST 1500HD SWTCHER Control panel | Alle Anschl\u00fcsse frei zug\u00e4nglich | hergestellt in Deutschland<\/p>\n","protected":false},"featured_media":209866,"template":"","meta":{"_acf_changed":false},"product_brand":[],"product_cat":[16061],"product_tag":[],"class_list":{"0":"post-209825","1":"product","2":"type-product","3":"status-publish","4":"has-post-thumbnail","6":"product_cat-cases-fuer-video-equipment","8":"first","9":"instock","10":"taxable","11":"shipping-taxable","12":"purchasable","13":"product-type-simple"},"acf":[],"_links":{"self":[{"href":"https:\/\/megacase.com\/de\/wp-json\/wp\/v2\/product\/209825","targetHints":{"allow":["GET"]}}],"collection":[{"href":"https:\/\/megacase.com\/de\/wp-json\/wp\/v2\/product"}],"about":[{"href":"https:\/\/megacase.com\/de\/wp-json\/wp\/v2\/types\/product"}],"wp:featuredmedia":[{"embeddable":true,"href":"https:\/\/megacase.com\/de\/wp-json\/wp\/v2\/media\/209866"}],"wp:attachment":[{"href":"https:\/\/megacase.com\/de\/wp-json\/wp\/v2\/media?parent=209825"}],"wp:term":[{"taxonomy":"product_brand","embeddable":true,"href":"https:\/\/megacase.com\/de\/wp-json\/wp\/v2\/product_brand?post=209825"},{"taxonomy":"product_cat","embeddable":true,"href":"https:\/\/megacase.com\/de\/wp-json\/wp\/v2\/product_cat?post=209825"},{"taxonomy":"product_tag","embeddable":true,"href":"https:\/\/megacase.com\/de\/wp-json\/wp\/v2\/product_tag?post=209825"}],"curies":[{"name":"wp","href":"https:\/\/api.w.org\/{rel}","templated":true}]}}