{"id":208065,"date":"2021-03-04T09:53:48","date_gmt":"2021-03-04T08:53:48","guid":{"rendered":"https:\/\/megacase.com\/?post_type=product&#038;p=208065"},"modified":"2026-03-25T16:12:54","modified_gmt":"2026-03-25T15:12:54","slug":"case-berkel-slicer-volano-tribute-2020","status":"publish","type":"product","link":"https:\/\/megacase.com\/de\/produkt\/case-berkel-slicer-volano-tribute-2020\/","title":{"rendered":"Case Berkel Slicer Volano Tribute 2020"},"content":{"rendered":"<p>passendes Haubencase Berkel Slicer Volano Tribute 2020 Aufschnittmaschine<br \/>\n6,8 mm Birkenmultiplex phenolharz beschichtet<br \/>\nFarbe: braun<br \/>\n30 x 30 mm Alukante<br \/>\n4 Butterfly-Verschl\u00fcsse mittel<br \/>\n8 Klappgriffe mittel<br \/>\n8 Kugelecken mittel<br \/>\n4 Lenkrollen davon 2 gebremst<br \/>\nSchaumstoffpolsterung<br \/>\nAufschnittmaschine sitzt auf einem passenden Brett mit Vertiefungen f\u00fcr die Gummif\u00fc\u00dfe<br \/>\nhergestellt in Deutschland<br \/>\nAu\u00dfenma\u00dfe BxTxH ca.: 870 x 740 x 817 mm<br \/>\nGewicht ca.: 35,6 kg<\/p>\n","protected":false},"excerpt":{"rendered":"<p>passendes Haubencase Berkel Slicer Volano Tribute 2020 Aufschnittmaschine | hergestellt in Deutschland<\/p>\n","protected":false},"featured_media":208090,"template":"","meta":{"_acf_changed":false},"product_brand":[],"product_cat":[13565],"product_tag":[],"class_list":{"0":"post-208065","1":"product","2":"type-product","3":"status-publish","4":"has-post-thumbnail","6":"product_cat-catering-und-event-cases","8":"first","9":"instock","10":"taxable","11":"shipping-taxable","12":"purchasable","13":"product-type-simple"},"acf":[],"_links":{"self":[{"href":"https:\/\/megacase.com\/de\/wp-json\/wp\/v2\/product\/208065","targetHints":{"allow":["GET"]}}],"collection":[{"href":"https:\/\/megacase.com\/de\/wp-json\/wp\/v2\/product"}],"about":[{"href":"https:\/\/megacase.com\/de\/wp-json\/wp\/v2\/types\/product"}],"wp:featuredmedia":[{"embeddable":true,"href":"https:\/\/megacase.com\/de\/wp-json\/wp\/v2\/media\/208090"}],"wp:attachment":[{"href":"https:\/\/megacase.com\/de\/wp-json\/wp\/v2\/media?parent=208065"}],"wp:term":[{"taxonomy":"product_brand","embeddable":true,"href":"https:\/\/megacase.com\/de\/wp-json\/wp\/v2\/product_brand?post=208065"},{"taxonomy":"product_cat","embeddable":true,"href":"https:\/\/megacase.com\/de\/wp-json\/wp\/v2\/product_cat?post=208065"},{"taxonomy":"product_tag","embeddable":true,"href":"https:\/\/megacase.com\/de\/wp-json\/wp\/v2\/product_tag?post=208065"}],"curies":[{"name":"wp","href":"https:\/\/api.w.org\/{rel}","templated":true}]}}