{"id":207899,"date":"2021-03-04T08:30:23","date_gmt":"2021-03-04T07:30:23","guid":{"rendered":"https:\/\/megacase.com\/?post_type=product&#038;p=207899"},"modified":"2026-03-25T16:12:56","modified_gmt":"2026-03-25T15:12:56","slug":"flightcase-alembic-explorer-8-bass","status":"publish","type":"product","link":"https:\/\/megacase.com\/de\/produkt\/flightcase-alembic-explorer-8-bass\/","title":{"rendered":"Flightcase Alembic Explorer 8 Bass"},"content":{"rendered":"<p>passendes Koffercase f\u00fcr einen Alembic Explorer 8 Bass,<br \/>\nShowroom Model, John Entwistle Prototype 1978<br \/>\n6,8 mm Birkenmultiplex phenolharz beschichtet<br \/>\nFarbe: braun<br \/>\n22 x 22mm Alukante<br \/>\n2 Butterfly-Verschl\u00fcsse klein<br \/>\n1 Kofferschloss abschlie\u00dfbar<br \/>\n3 Feststellscharniere<br \/>\n8 Kugelecken klein<br \/>\npassgenaues Schaumstoffinlay<br \/>\ninkl. F\u00e4cher f\u00fcr Zubeh\u00f6r<br \/>\nHergestellt in Deutschland<br \/>\nAu\u00dfenma\u00dfe BxTxH ca.: 1390 x 610 x 207 mm<br \/>\nGewicht ca.: 15,9 kg<\/p>\n","protected":false},"excerpt":{"rendered":"<p>passendes Koffercase f\u00fcr einen Alembic Explorer 8 Bass, Showroom Model, John Entwistle Prototype 1978 | Hergestellt in Deutschland<\/p>\n","protected":false},"featured_media":207940,"template":"","meta":{"_acf_changed":false},"product_brand":[],"product_cat":[13594],"product_tag":[],"class_list":{"0":"post-207899","1":"product","2":"type-product","3":"status-publish","4":"has-post-thumbnail","6":"product_cat-cases-fuer-gitarre-bass-cases","8":"first","9":"instock","10":"taxable","11":"shipping-taxable","12":"purchasable","13":"product-type-simple"},"acf":[],"_links":{"self":[{"href":"https:\/\/megacase.com\/de\/wp-json\/wp\/v2\/product\/207899","targetHints":{"allow":["GET"]}}],"collection":[{"href":"https:\/\/megacase.com\/de\/wp-json\/wp\/v2\/product"}],"about":[{"href":"https:\/\/megacase.com\/de\/wp-json\/wp\/v2\/types\/product"}],"wp:featuredmedia":[{"embeddable":true,"href":"https:\/\/megacase.com\/de\/wp-json\/wp\/v2\/media\/207940"}],"wp:attachment":[{"href":"https:\/\/megacase.com\/de\/wp-json\/wp\/v2\/media?parent=207899"}],"wp:term":[{"taxonomy":"product_brand","embeddable":true,"href":"https:\/\/megacase.com\/de\/wp-json\/wp\/v2\/product_brand?post=207899"},{"taxonomy":"product_cat","embeddable":true,"href":"https:\/\/megacase.com\/de\/wp-json\/wp\/v2\/product_cat?post=207899"},{"taxonomy":"product_tag","embeddable":true,"href":"https:\/\/megacase.com\/de\/wp-json\/wp\/v2\/product_tag?post=207899"}],"curies":[{"name":"wp","href":"https:\/\/api.w.org\/{rel}","templated":true}]}}