{"id":207004,"date":"2021-03-01T16:38:50","date_gmt":"2021-03-01T15:38:50","guid":{"rendered":"https:\/\/megacase.com\/?post_type=product&#038;p=207004"},"modified":"2026-04-09T12:39:19","modified_gmt":"2026-04-09T10:39:19","slug":"2he-eco-ii-compact-rack-23","status":"publish","type":"product","link":"https:\/\/megacase.com\/de\/produkt\/2he-eco-ii-compact-rack-23\/","title":{"rendered":"2HE ECO II compact Rack 23"},"content":{"rendered":"<p>ideal f\u00fcr Wireless-Anlagen und Effektger\u00e4te<br \/>\n2 HE Nutzh\u00f6he<br \/>\n23 cm Einbautiefe<br \/>\nMaterial: 6,8 mm Doppelsteg-Kunststoff<br \/>\nFarbe: Schwarz<br \/>\n25 x 22 mm Alukante<br \/>\nstufenlose Rackschiene<br \/>\n2 Deckel<br \/>\nSchnappschl\u00f6sser<br \/>\nKoffergriff<br \/>\ngro\u00dfe Gummif\u00fc\u00dfe<br \/>\nAbmessungen au\u00dfen (B x H x T): 530 x 150 x 347 cm<br \/>\nGewicht: 3 kg<br \/>\ninkl. Befestigungsmaterial<br \/>\nhergestellt in Deutschland<\/p>\n","protected":false},"excerpt":{"rendered":"<p>ideal f\u00fcr Wireless-Anlagen und Effektger\u00e4te | 2 HE Nutzh\u00f6he | 23 cm Einbautiefe | hergestellt in Deutschland<\/p>\n","protected":false},"featured_media":207009,"template":"","meta":{"_acf_changed":false},"product_brand":[],"product_cat":[13510],"product_tag":[],"class_list":{"0":"post-207004","1":"product","2":"type-product","3":"status-publish","4":"has-post-thumbnail","6":"product_cat-racks","8":"first","9":"instock","10":"taxable","11":"shipping-taxable","12":"purchasable","13":"product-type-simple"},"acf":[],"_links":{"self":[{"href":"https:\/\/megacase.com\/de\/wp-json\/wp\/v2\/product\/207004","targetHints":{"allow":["GET"]}}],"collection":[{"href":"https:\/\/megacase.com\/de\/wp-json\/wp\/v2\/product"}],"about":[{"href":"https:\/\/megacase.com\/de\/wp-json\/wp\/v2\/types\/product"}],"wp:featuredmedia":[{"embeddable":true,"href":"https:\/\/megacase.com\/de\/wp-json\/wp\/v2\/media\/207009"}],"wp:attachment":[{"href":"https:\/\/megacase.com\/de\/wp-json\/wp\/v2\/media?parent=207004"}],"wp:term":[{"taxonomy":"product_brand","embeddable":true,"href":"https:\/\/megacase.com\/de\/wp-json\/wp\/v2\/product_brand?post=207004"},{"taxonomy":"product_cat","embeddable":true,"href":"https:\/\/megacase.com\/de\/wp-json\/wp\/v2\/product_cat?post=207004"},{"taxonomy":"product_tag","embeddable":true,"href":"https:\/\/megacase.com\/de\/wp-json\/wp\/v2\/product_tag?post=207004"}],"curies":[{"name":"wp","href":"https:\/\/api.w.org\/{rel}","templated":true}]}}