{"id":206470,"date":"2021-02-24T12:35:16","date_gmt":"2021-02-24T11:35:16","guid":{"rendered":"https:\/\/megacase.com\/?post_type=product&#038;p=206470"},"modified":"2026-03-25T16:15:41","modified_gmt":"2026-03-25T15:15:41","slug":"flightcase-moog-grandmother","status":"publish","type":"product","link":"https:\/\/megacase.com\/de\/produkt\/flightcase-moog-grandmother\/","title":{"rendered":"Flightcase Moog Grandmother"},"content":{"rendered":"<p>Keyboardcase passend f\u00fcr ein Moog Grandmother Synthesizer mit seitlichem Zubeh\u00f6rfach<br \/>\naus 6,8m Birkenmultiplex phenolharz beschichtet<br \/>\n30x30mm Alukante<br \/>\n2 Butterfly-Verschl\u00fcsse medium<br \/>\n2 Feststellscharniere<br \/>\n1 Kunstledergriff<br \/>\n8 medium Kugelecken medium<br \/>\nSchaumstoffpolsterung<br \/>\ngepolstertes 15cm Zubeh\u00f6rfach<br \/>\nhergestellt in Deutschland<br \/>\nAu\u00dfenma\u00dfe BxTxH ca.: 827 x 455 x 200 mm<br \/>\nGewicht ca.: 8,8 kg<\/p>\n","protected":false},"excerpt":{"rendered":"<p>Keyboardcase passend f\u00fcr ein Moog Grandmother Synthesizer mit seitlichem Zubeh\u00f6rfach aus 6,8m Birkenmultiplex phenolharz beschichtet 30x30mm Alukante 2 Butterfly-Verschl\u00fcsse medium<\/p>\n","protected":false},"featured_media":206523,"template":"","meta":{"_acf_changed":false},"product_brand":[],"product_cat":[14023],"product_tag":[],"class_list":{"0":"post-206470","1":"product","2":"type-product","3":"status-publish","4":"has-post-thumbnail","6":"product_cat-synthesizer-anwendungsgebiete","8":"first","9":"instock","10":"taxable","11":"shipping-taxable","12":"purchasable","13":"product-type-simple"},"acf":[],"_links":{"self":[{"href":"https:\/\/megacase.com\/de\/wp-json\/wp\/v2\/product\/206470","targetHints":{"allow":["GET"]}}],"collection":[{"href":"https:\/\/megacase.com\/de\/wp-json\/wp\/v2\/product"}],"about":[{"href":"https:\/\/megacase.com\/de\/wp-json\/wp\/v2\/types\/product"}],"wp:featuredmedia":[{"embeddable":true,"href":"https:\/\/megacase.com\/de\/wp-json\/wp\/v2\/media\/206523"}],"wp:attachment":[{"href":"https:\/\/megacase.com\/de\/wp-json\/wp\/v2\/media?parent=206470"}],"wp:term":[{"taxonomy":"product_brand","embeddable":true,"href":"https:\/\/megacase.com\/de\/wp-json\/wp\/v2\/product_brand?post=206470"},{"taxonomy":"product_cat","embeddable":true,"href":"https:\/\/megacase.com\/de\/wp-json\/wp\/v2\/product_cat?post=206470"},{"taxonomy":"product_tag","embeddable":true,"href":"https:\/\/megacase.com\/de\/wp-json\/wp\/v2\/product_tag?post=206470"}],"curies":[{"name":"wp","href":"https:\/\/api.w.org\/{rel}","templated":true}]}}