{"id":206416,"date":"2021-02-22T16:53:48","date_gmt":"2021-02-22T15:53:48","guid":{"rendered":"https:\/\/megacase.com\/?post_type=product&#038;p=206416"},"modified":"2026-03-25T16:15:42","modified_gmt":"2026-03-25T15:15:42","slug":"flightcase-samsung-qmr-serie-32","status":"publish","type":"product","link":"https:\/\/megacase.com\/de\/produkt\/flightcase-samsung-qmr-serie-32\/","title":{"rendered":"Flightcase Samsung QMR Serie 32&#8243;"},"content":{"rendered":"<p>passendes Transportcase f\u00fcr ein Samsung QMR-32&#8243; Display<br \/>\n6,8 mm Birkenmultiplex beschichtet<br \/>\nFarbe: <a href=\"https:\/\/megacase.com\/de\/farben-beschichtungen\/\">frei w\u00e4hlbar<\/a><br \/>\n30 x 30mm Alukante<br \/>\n2 Butterfly-Verschl\u00fcsse mittel<br \/>\n2 Klappgriffe mittel<br \/>\n2 Feststellscharniere mittel<br \/>\n8 Kugelecken mittel<br \/>\nSchaumstoffpolsterung<br \/>\nhergestellt in Deutschland<br \/>\nAu\u00dfenma\u00dfe BxTxH ca.: 810 x 215 x 510 mm<br \/>\nGewicht ca.: 10 kg<\/p>\n<p>Bei einer Bestellung bitte die gew\u00fcnschte Farbe im Kommentarfeld angeben<\/p>\n","protected":false},"excerpt":{"rendered":"<p>passendes Transportcase f\u00fcr ein Samsung QMR-32&#8243; Display 6,8 mm Birkenmultiplex beschichtet Farbe: frei w\u00e4hlbar 30 x 30mm Alukante 2 Butterfly-Verschl\u00fcsse<\/p>\n","protected":false},"featured_media":206417,"template":"","meta":{"_acf_changed":false},"product_brand":[],"product_cat":[13612],"product_tag":[13651],"class_list":{"0":"post-206416","1":"product","2":"type-product","3":"status-publish","4":"has-post-thumbnail","6":"product_cat-display-monitor","7":"product_tag-samsung","9":"first","10":"instock","11":"taxable","12":"shipping-taxable","13":"purchasable","14":"product-type-simple"},"acf":[],"_links":{"self":[{"href":"https:\/\/megacase.com\/de\/wp-json\/wp\/v2\/product\/206416","targetHints":{"allow":["GET"]}}],"collection":[{"href":"https:\/\/megacase.com\/de\/wp-json\/wp\/v2\/product"}],"about":[{"href":"https:\/\/megacase.com\/de\/wp-json\/wp\/v2\/types\/product"}],"wp:featuredmedia":[{"embeddable":true,"href":"https:\/\/megacase.com\/de\/wp-json\/wp\/v2\/media\/206417"}],"wp:attachment":[{"href":"https:\/\/megacase.com\/de\/wp-json\/wp\/v2\/media?parent=206416"}],"wp:term":[{"taxonomy":"product_brand","embeddable":true,"href":"https:\/\/megacase.com\/de\/wp-json\/wp\/v2\/product_brand?post=206416"},{"taxonomy":"product_cat","embeddable":true,"href":"https:\/\/megacase.com\/de\/wp-json\/wp\/v2\/product_cat?post=206416"},{"taxonomy":"product_tag","embeddable":true,"href":"https:\/\/megacase.com\/de\/wp-json\/wp\/v2\/product_tag?post=206416"}],"curies":[{"name":"wp","href":"https:\/\/api.w.org\/{rel}","templated":true}]}}