{"id":205432,"date":"2021-02-18T16:14:25","date_gmt":"2021-02-18T15:14:25","guid":{"rendered":"https:\/\/megacase.com\/?post_type=product&#038;p=205432"},"modified":"2026-03-25T16:15:49","modified_gmt":"2026-03-25T15:15:49","slug":"l-rack-roland-vr-50hd-wheel","status":"publish","type":"product","link":"https:\/\/megacase.com\/de\/produkt\/l-rack-roland-vr-50hd-wheel\/","title":{"rendered":"L-Rack Roland VR-50HD + wheel"},"content":{"rendered":"<p>Winkelrack mit passender Schaumstoffablage f\u00fcr ein Roland VR-50HD<br \/>\ndarunter 15HE frei zur Verf\u00fcgung<br \/>\n15 HE Einbauh\u00f6he<br \/>\n45 cm Einbautiefe<br \/>\n47 cm Korpustiefe<br \/>\n6,5 mm Birkenmultiplex phenolharz beschichtet<br \/>\nFarbe: braun<br \/>\n25&#215;25 mm Alukante<br \/>\n7 Butterfly-Verschl\u00fcsse mittel<br \/>\n4 Klappgriffe mittel<br \/>\n8 Stahlkugelecken mittel<br \/>\nService Klappe gro\u00df<br \/>\nRackschiene mit Gummikeder vorne<br \/>\nSchraubensatz<br \/>\n4 Rollen 100 mm (2 gebremst)<br \/>\ngepolsterte Ablage oben f\u00fcr ein Roland VR-50HD<br \/>\nhergestellt in Deutschland<br \/>\nAu\u00dfenma\u00dfe BxTxH ca.: 555 x 565 x 960 mm<br \/>\nGewicht ca.: 29,6 kg<\/p>\n","protected":false},"excerpt":{"rendered":"<p>Winkelrack mit passender Schaumstoffablage f\u00fcr ein Roland VR-50HD darunter 15HE frei zur Verf\u00fcgung 15 HE Einbauh\u00f6he 45 cm Einbautiefe 47<\/p>\n","protected":false},"featured_media":205465,"template":"","meta":{"_acf_changed":false},"product_brand":[],"product_cat":[13510],"product_tag":[],"class_list":{"0":"post-205432","1":"product","2":"type-product","3":"status-publish","4":"has-post-thumbnail","6":"product_cat-racks","8":"first","9":"instock","10":"taxable","11":"shipping-taxable","12":"purchasable","13":"product-type-simple"},"acf":[],"_links":{"self":[{"href":"https:\/\/megacase.com\/de\/wp-json\/wp\/v2\/product\/205432","targetHints":{"allow":["GET"]}}],"collection":[{"href":"https:\/\/megacase.com\/de\/wp-json\/wp\/v2\/product"}],"about":[{"href":"https:\/\/megacase.com\/de\/wp-json\/wp\/v2\/types\/product"}],"wp:featuredmedia":[{"embeddable":true,"href":"https:\/\/megacase.com\/de\/wp-json\/wp\/v2\/media\/205465"}],"wp:attachment":[{"href":"https:\/\/megacase.com\/de\/wp-json\/wp\/v2\/media?parent=205432"}],"wp:term":[{"taxonomy":"product_brand","embeddable":true,"href":"https:\/\/megacase.com\/de\/wp-json\/wp\/v2\/product_brand?post=205432"},{"taxonomy":"product_cat","embeddable":true,"href":"https:\/\/megacase.com\/de\/wp-json\/wp\/v2\/product_cat?post=205432"},{"taxonomy":"product_tag","embeddable":true,"href":"https:\/\/megacase.com\/de\/wp-json\/wp\/v2\/product_tag?post=205432"}],"curies":[{"name":"wp","href":"https:\/\/api.w.org\/{rel}","templated":true}]}}