{"id":204850,"date":"2021-02-15T15:22:43","date_gmt":"2021-02-15T14:22:43","guid":{"rendered":"https:\/\/megacase.com\/?post_type=product&#038;p=204850"},"modified":"2026-03-25T16:15:55","modified_gmt":"2026-03-25T15:15:55","slug":"flightcase-523x320x49","status":"publish","type":"product","link":"https:\/\/megacase.com\/de\/produkt\/flightcase-523x320x49\/","title":{"rendered":"Flightcase 523x320x49"},"content":{"rendered":"<p>passendes Koffercase f\u00fcr ein Display mit den Ma\u00dfen von 523 x 320 x 49 mm<br \/>\ninkl. einem gefilzten Fach f\u00fcr Zubeh\u00f6r;<br \/>\n6,8 mm Birkenmultiplex beschichtet<br \/>\nFarbe: <a href=\"https:\/\/megacase.com\/de\/farben-beschichtungen\/\">frei w\u00e4hlbar<\/a><br \/>\n22 x 22 mm Alukante<br \/>\n2 Butterfly-Verschl\u00fcsse klein<br \/>\n8 Kugelecken klein<br \/>\n2 Feststellscharniere<br \/>\n1 Kunstledergriff<br \/>\n70mm breites gefilztes Fach rechts<br \/>\nSchaumstoffpolsterung<br \/>\nhergestellt in Deutschland<br \/>\nAu\u00dfenma\u00dfe BxTxH ca.: 712 x 427 x 120 mm<br \/>\nGewicht ca.: 6,4 kg<\/p>\n<p>Bei einer Bestellung bitte die gew\u00fcnschte Farbe im Kommentarfeld angeben<\/p>\n","protected":false},"excerpt":{"rendered":"<p>passendes Koffercase f\u00fcr ein Display mit den Ma\u00dfen von 523 x 320 x 49 mm inkl. einem gefilzten Fach f\u00fcr<\/p>\n","protected":false},"featured_media":204879,"template":"","meta":{"_acf_changed":false},"product_brand":[],"product_cat":[13504],"product_tag":[],"class_list":{"0":"post-204850","1":"product","2":"type-product","3":"status-publish","4":"has-post-thumbnail","6":"product_cat-koffer-cases","8":"first","9":"instock","10":"taxable","11":"shipping-taxable","12":"purchasable","13":"product-type-simple"},"acf":[],"_links":{"self":[{"href":"https:\/\/megacase.com\/de\/wp-json\/wp\/v2\/product\/204850","targetHints":{"allow":["GET"]}}],"collection":[{"href":"https:\/\/megacase.com\/de\/wp-json\/wp\/v2\/product"}],"about":[{"href":"https:\/\/megacase.com\/de\/wp-json\/wp\/v2\/types\/product"}],"wp:featuredmedia":[{"embeddable":true,"href":"https:\/\/megacase.com\/de\/wp-json\/wp\/v2\/media\/204879"}],"wp:attachment":[{"href":"https:\/\/megacase.com\/de\/wp-json\/wp\/v2\/media?parent=204850"}],"wp:term":[{"taxonomy":"product_brand","embeddable":true,"href":"https:\/\/megacase.com\/de\/wp-json\/wp\/v2\/product_brand?post=204850"},{"taxonomy":"product_cat","embeddable":true,"href":"https:\/\/megacase.com\/de\/wp-json\/wp\/v2\/product_cat?post=204850"},{"taxonomy":"product_tag","embeddable":true,"href":"https:\/\/megacase.com\/de\/wp-json\/wp\/v2\/product_tag?post=204850"}],"curies":[{"name":"wp","href":"https:\/\/api.w.org\/{rel}","templated":true}]}}