{"id":204348,"date":"2021-02-09T17:54:38","date_gmt":"2021-02-09T16:54:38","guid":{"rendered":"https:\/\/megacase.com\/?post_type=product&#038;p=204348"},"modified":"2026-03-25T16:15:58","modified_gmt":"2026-03-25T15:15:58","slug":"lrack-6u-midas-m32r-wheel","status":"publish","type":"product","link":"https:\/\/megacase.com\/de\/produkt\/lrack-6u-midas-m32r-wheel\/","title":{"rendered":"L-Rack 6U MIDAS M32R + wheel"},"content":{"rendered":"<p>6 HE Nutzh\u00f6he vorne<br \/>\n9HE Gesamth\u00f6he ( 3 davon f\u00fcr Mixer)<br \/>\n710 mm Einbautiefe<br \/>\npassend f\u00fcr ein MIDAS M32R inkl. 10cm Platz hinten f\u00fcr Anschlussfeld<br \/>\nHoher Deckel oben<br \/>\n6,5 mm Birkenmultiplex phenolharz beschichtet<br \/>\nFarbe: braun<br \/>\n25&#215;25 mm Alukante<br \/>\n5 Butterfly-Verschl\u00fcsse mittel<br \/>\n4 Klappgriffe mittel<br \/>\n8 Stahlkugelecken mittel<br \/>\n20&#215;35 cm Service Klappe hinten<br \/>\n4 Lenkrollen davon 2 gebremst<br \/>\nvorne und oben Rackschiene mit Gummikeder<br \/>\naufstellbare Rackschienen oben<br \/>\nSchraubensatz<br \/>\nSchaumstoffpolster im abnehmbaren Top Deckel.<br \/>\nHergestellt in Deutschland<br \/>\nAu\u00dfenma\u00dfe BxTxH ca.: 555 x 825 x 753 mm<br \/>\nGewicht ca.: 26,9 kg<\/p>\n","protected":false},"excerpt":{"rendered":"<p>6 HE Nutzh\u00f6he vorne 9HE Gesamth\u00f6he ( 3 davon f\u00fcr Mixer) 710 mm Einbautiefe passend f\u00fcr ein MIDAS M32R inkl.<\/p>\n","protected":false},"featured_media":204384,"template":"","meta":{"_acf_changed":false},"product_brand":[],"product_cat":[13510],"product_tag":[13922],"class_list":{"0":"post-204348","1":"product","2":"type-product","3":"status-publish","4":"has-post-thumbnail","6":"product_cat-racks","7":"product_tag-midas","9":"first","10":"instock","11":"taxable","12":"shipping-taxable","13":"purchasable","14":"product-type-simple"},"acf":[],"_links":{"self":[{"href":"https:\/\/megacase.com\/de\/wp-json\/wp\/v2\/product\/204348","targetHints":{"allow":["GET"]}}],"collection":[{"href":"https:\/\/megacase.com\/de\/wp-json\/wp\/v2\/product"}],"about":[{"href":"https:\/\/megacase.com\/de\/wp-json\/wp\/v2\/types\/product"}],"wp:featuredmedia":[{"embeddable":true,"href":"https:\/\/megacase.com\/de\/wp-json\/wp\/v2\/media\/204384"}],"wp:attachment":[{"href":"https:\/\/megacase.com\/de\/wp-json\/wp\/v2\/media?parent=204348"}],"wp:term":[{"taxonomy":"product_brand","embeddable":true,"href":"https:\/\/megacase.com\/de\/wp-json\/wp\/v2\/product_brand?post=204348"},{"taxonomy":"product_cat","embeddable":true,"href":"https:\/\/megacase.com\/de\/wp-json\/wp\/v2\/product_cat?post=204348"},{"taxonomy":"product_tag","embeddable":true,"href":"https:\/\/megacase.com\/de\/wp-json\/wp\/v2\/product_tag?post=204348"}],"curies":[{"name":"wp","href":"https:\/\/api.w.org\/{rel}","templated":true}]}}