{"id":201820,"date":"2021-02-06T13:57:19","date_gmt":"2021-02-06T12:57:19","guid":{"rendered":"https:\/\/megacase.com\/?post_type=product&#038;p=201820"},"modified":"2026-03-25T16:16:00","modified_gmt":"2026-03-25T15:16:00","slug":"case-fender-65-twin-reverb-inc-accessory-wheel","status":"publish","type":"product","link":"https:\/\/megacase.com\/de\/produkt\/case-fender-65-twin-reverb-inc-accessory-wheel\/","title":{"rendered":"Case Fender 65 Twin Reverb inc. accessory + wheel"},"content":{"rendered":"<p>passendes Haubencase f\u00fcr Fender 65 Twin Reverb + Zubeh\u00f6r<br \/>\ninkl. einem 10cm hohen gepolsterten Zubeh\u00f6rfach<br \/>\n6,8 mm Birkenmultiplex phenol beschichtet<br \/>\nFarbe: braun<br \/>\n30 x 30 mm Alukante<br \/>\n2 Butterfly-Verschl\u00fcsse mittel<br \/>\n2 Butterfly-Verschl\u00fcsse gro\u00df<br \/>\n2 Klappgriffe mittel<br \/>\n2 Feststellscharniere<br \/>\n8 Kugelecken mittel<br \/>\n4 100mm Lenkrollen \/ 2 davon gebremst<br \/>\nSchaumstoffpolsterung<br \/>\n10cm hohes Fach oben f\u00fcr Zubeh\u00f6r<br \/>\nFender kann im Unterteil bedient werden<br \/>\nhergestellt in Deutschland<br \/>\nAu\u00dfenma\u00dfe BxTxH ca.: 750 x 335 x 895 mm<br \/>\nGewicht ca.: 23,7 kg<\/p>\n","protected":false},"excerpt":{"rendered":"<p>passendes Haubencase f\u00fcr Fender 65 Twin Reverb + Zubeh\u00f6r inkl. einem 10cm hohen gepolsterten Zubeh\u00f6rfach 6,8 mm Birkenmultiplex phenol beschichtet<\/p>\n","protected":false},"featured_media":201877,"template":"","meta":{"_acf_changed":false},"product_brand":[],"product_cat":[13580],"product_tag":[],"class_list":{"0":"post-201820","1":"product","2":"type-product","3":"status-publish","4":"has-post-thumbnail","6":"product_cat-combo-cases","8":"first","9":"instock","10":"taxable","11":"shipping-taxable","12":"purchasable","13":"product-type-simple"},"acf":[],"_links":{"self":[{"href":"https:\/\/megacase.com\/de\/wp-json\/wp\/v2\/product\/201820","targetHints":{"allow":["GET"]}}],"collection":[{"href":"https:\/\/megacase.com\/de\/wp-json\/wp\/v2\/product"}],"about":[{"href":"https:\/\/megacase.com\/de\/wp-json\/wp\/v2\/types\/product"}],"wp:featuredmedia":[{"embeddable":true,"href":"https:\/\/megacase.com\/de\/wp-json\/wp\/v2\/media\/201877"}],"wp:attachment":[{"href":"https:\/\/megacase.com\/de\/wp-json\/wp\/v2\/media?parent=201820"}],"wp:term":[{"taxonomy":"product_brand","embeddable":true,"href":"https:\/\/megacase.com\/de\/wp-json\/wp\/v2\/product_brand?post=201820"},{"taxonomy":"product_cat","embeddable":true,"href":"https:\/\/megacase.com\/de\/wp-json\/wp\/v2\/product_cat?post=201820"},{"taxonomy":"product_tag","embeddable":true,"href":"https:\/\/megacase.com\/de\/wp-json\/wp\/v2\/product_tag?post=201820"}],"curies":[{"name":"wp","href":"https:\/\/api.w.org\/{rel}","templated":true}]}}