{"id":201755,"date":"2021-02-06T13:47:50","date_gmt":"2021-02-06T12:47:50","guid":{"rendered":"https:\/\/megacase.com\/?post_type=product&#038;p=201755"},"modified":"2026-03-25T16:16:00","modified_gmt":"2026-03-25T15:16:00","slug":"flightcase-vox-ac-30-incl-accessory-wheel","status":"publish","type":"product","link":"https:\/\/megacase.com\/de\/produkt\/flightcase-vox-ac-30-incl-accessory-wheel\/","title":{"rendered":"Flightcase Vox AC-30 incl. accessory + Wheel"},"content":{"rendered":"<p>passendes Flightcase f\u00fcr ein Vox AC-30 inkl. Zubeh\u00f6r:<br \/>\npassend f\u00fcr folgende Modelle:<br \/>\n&#8211; AC-30C2,<br \/>\n&#8211; AC-30HW2,<br \/>\n&#8211; AC-30HW2X<br \/>\n&#8211; AC15C2,<br \/>\n&#8211; AC30 C2X<br \/>\n&#8211; Blue Bulldog TB35C2<br \/>\ninkl. einem gepolsterten Zubeh\u00f6rfach mit den Ma\u00dfen 710 x 270 x 100 mm BxTxH<br \/>\n6,8 mm Birkenmultiplex phenol beschichtet<br \/>\nFarbe: braun<br \/>\n30 x 30 mm Alukante<br \/>\n2 Butterfly-Verschl\u00fcsse mittel<br \/>\n2 Butterfly-Verschl\u00fcsse gro\u00df<br \/>\n2 Klappgriffe mittel<br \/>\n2 Feststellscharniere<br \/>\n8 Kugelecken mittel<br \/>\n4 100mm Lenkrollen \/ 2 davon gebremst<br \/>\nSchaumstoffpolsterung<br \/>\nCombo kann im Unterteil bedient werden<br \/>\nhergestellt in Deutschland<br \/>\nAu\u00dfenma\u00dfe BxTxH ca.: 774 x 330 x 926 mm<br \/>\nGewicht ca.: 25,2 kg<\/p>\n","protected":false},"excerpt":{"rendered":"<p>passendes Flightcase f\u00fcr ein Vox AC-30 inkl. Zubeh\u00f6r: passend f\u00fcr folgende Modelle: &#8211; AC-30C2, &#8211; AC-30HW2, &#8211; AC-30HW2X &#8211; AC15C2,<\/p>\n","protected":false},"featured_media":201808,"template":"","meta":{"_acf_changed":false},"product_brand":[],"product_cat":[13580],"product_tag":[],"class_list":{"0":"post-201755","1":"product","2":"type-product","3":"status-publish","4":"has-post-thumbnail","6":"product_cat-combo-cases","8":"first","9":"instock","10":"taxable","11":"shipping-taxable","12":"purchasable","13":"product-type-simple"},"acf":[],"_links":{"self":[{"href":"https:\/\/megacase.com\/de\/wp-json\/wp\/v2\/product\/201755","targetHints":{"allow":["GET"]}}],"collection":[{"href":"https:\/\/megacase.com\/de\/wp-json\/wp\/v2\/product"}],"about":[{"href":"https:\/\/megacase.com\/de\/wp-json\/wp\/v2\/types\/product"}],"wp:featuredmedia":[{"embeddable":true,"href":"https:\/\/megacase.com\/de\/wp-json\/wp\/v2\/media\/201808"}],"wp:attachment":[{"href":"https:\/\/megacase.com\/de\/wp-json\/wp\/v2\/media?parent=201755"}],"wp:term":[{"taxonomy":"product_brand","embeddable":true,"href":"https:\/\/megacase.com\/de\/wp-json\/wp\/v2\/product_brand?post=201755"},{"taxonomy":"product_cat","embeddable":true,"href":"https:\/\/megacase.com\/de\/wp-json\/wp\/v2\/product_cat?post=201755"},{"taxonomy":"product_tag","embeddable":true,"href":"https:\/\/megacase.com\/de\/wp-json\/wp\/v2\/product_tag?post=201755"}],"curies":[{"name":"wp","href":"https:\/\/api.w.org\/{rel}","templated":true}]}}