{"id":201699,"date":"2021-02-06T13:39:59","date_gmt":"2021-02-06T12:39:59","guid":{"rendered":"https:\/\/megacase.com\/?post_type=product&#038;p=201699"},"modified":"2026-03-25T16:16:00","modified_gmt":"2026-03-25T15:16:00","slug":"flightcase-clavia-nord-wave-2","status":"publish","type":"product","link":"https:\/\/megacase.com\/de\/produkt\/flightcase-clavia-nord-wave-2\/","title":{"rendered":"Flightcase Clavia Nord Wave 2"},"content":{"rendered":"<p>passendes Flightcase f\u00fcr ein Clavia Nord Wave 2 Synthesizer<br \/>\naus 7mm Wabenkunststoff<br \/>\nFarbe: schwarz,<br \/>\n25x25mm Alukante,<br \/>\n2 Schnappschl\u00f6sser mit \u00d6se,<br \/>\n1 Kunstledergriff,<br \/>\n2 Feststellscharniere,<br \/>\n8 Kugelecken medium,<br \/>\nSchaumstoffpolsterung,<br \/>\nhergestellt in Deutschland<br \/>\nAu\u00dfenma\u00dfe BxTxH ca.: 1054 x 405 x 167 mm<br \/>\nGewicht ca.: 6,5 kg<\/p>\n","protected":false},"excerpt":{"rendered":"<p>passendes Flightcase f\u00fcr ein Clavia Nord Wave 2 Synthesizer aus 7mm Wabenkunststoff Farbe: schwarz, 25x25mm Alukante, 2 Schnappschl\u00f6sser mit \u00d6se,<\/p>\n","protected":false},"featured_media":201708,"template":"","meta":{"_acf_changed":false},"product_brand":[],"product_cat":[14023],"product_tag":[],"class_list":{"0":"post-201699","1":"product","2":"type-product","3":"status-publish","4":"has-post-thumbnail","6":"product_cat-synthesizer-anwendungsgebiete","8":"first","9":"instock","10":"taxable","11":"shipping-taxable","12":"purchasable","13":"product-type-simple"},"acf":[],"_links":{"self":[{"href":"https:\/\/megacase.com\/de\/wp-json\/wp\/v2\/product\/201699","targetHints":{"allow":["GET"]}}],"collection":[{"href":"https:\/\/megacase.com\/de\/wp-json\/wp\/v2\/product"}],"about":[{"href":"https:\/\/megacase.com\/de\/wp-json\/wp\/v2\/types\/product"}],"wp:featuredmedia":[{"embeddable":true,"href":"https:\/\/megacase.com\/de\/wp-json\/wp\/v2\/media\/201708"}],"wp:attachment":[{"href":"https:\/\/megacase.com\/de\/wp-json\/wp\/v2\/media?parent=201699"}],"wp:term":[{"taxonomy":"product_brand","embeddable":true,"href":"https:\/\/megacase.com\/de\/wp-json\/wp\/v2\/product_brand?post=201699"},{"taxonomy":"product_cat","embeddable":true,"href":"https:\/\/megacase.com\/de\/wp-json\/wp\/v2\/product_cat?post=201699"},{"taxonomy":"product_tag","embeddable":true,"href":"https:\/\/megacase.com\/de\/wp-json\/wp\/v2\/product_tag?post=201699"}],"curies":[{"name":"wp","href":"https:\/\/api.w.org\/{rel}","templated":true}]}}