{"id":200658,"date":"2021-01-28T21:28:45","date_gmt":"2021-01-28T20:28:45","guid":{"rendered":"https:\/\/megacase.com\/?post_type=product&#038;p=200658"},"modified":"2026-03-25T16:16:08","modified_gmt":"2026-03-25T15:16:08","slug":"case-blackmagic-design-atem-mini","status":"publish","type":"product","link":"https:\/\/megacase.com\/de\/produkt\/case-blackmagic-design-atem-mini\/","title":{"rendered":"Case Blackmagic Design ATEM mini"},"content":{"rendered":"<p>Haubencase f\u00fcr ein Blackmagic Design ATEM Mini, inkl. 90mm Platz hinter dem Ger\u00e4t, Anschl\u00fcsse sind frei zug\u00e4nglich;<br \/>\n6,5 mm Birkenmultiplex<br \/>\nFarbe Phenolharz beschichtet braun<br \/>\n22 x 22 mm Alukante,<br \/>\n2 Butterfly-Verschl\u00fcsse,<br \/>\n1x Koffergriff,<br \/>\n8 Stahlkugelecken klein,<br \/>\n4 Gummif\u00fc\u00dfe 25 x 15mm,<br \/>\nSchaumstoffpolster im Deckel u. Boden<br \/>\nAtem kann im Unterteil bedient werden<br \/>\nAu\u00dfenma\u00dfe BxTxH 285x235x113 mm<br \/>\nGewicht: 2 kg<br \/>\nHergestellt in Deutschland<\/p>\n","protected":false},"excerpt":{"rendered":"<p>Haubencase f\u00fcr ein Blackmagic Design ATEM Mini, inkl. 90mm Platz hinter dem Ger\u00e4t, Anschl\u00fcsse sind frei zug\u00e4nglich; 6,5 mm Birkenmultiplex<\/p>\n","protected":false},"featured_media":213883,"template":"","meta":{"_acf_changed":false},"product_brand":[],"product_cat":[16061],"product_tag":[15803],"class_list":{"0":"post-200658","1":"product","2":"type-product","3":"status-publish","4":"has-post-thumbnail","6":"product_cat-cases-fuer-video-equipment","7":"product_tag-blackmagic","9":"first","10":"instock","11":"taxable","12":"shipping-taxable","13":"purchasable","14":"product-type-simple"},"acf":[],"_links":{"self":[{"href":"https:\/\/megacase.com\/de\/wp-json\/wp\/v2\/product\/200658","targetHints":{"allow":["GET"]}}],"collection":[{"href":"https:\/\/megacase.com\/de\/wp-json\/wp\/v2\/product"}],"about":[{"href":"https:\/\/megacase.com\/de\/wp-json\/wp\/v2\/types\/product"}],"wp:featuredmedia":[{"embeddable":true,"href":"https:\/\/megacase.com\/de\/wp-json\/wp\/v2\/media\/213883"}],"wp:attachment":[{"href":"https:\/\/megacase.com\/de\/wp-json\/wp\/v2\/media?parent=200658"}],"wp:term":[{"taxonomy":"product_brand","embeddable":true,"href":"https:\/\/megacase.com\/de\/wp-json\/wp\/v2\/product_brand?post=200658"},{"taxonomy":"product_cat","embeddable":true,"href":"https:\/\/megacase.com\/de\/wp-json\/wp\/v2\/product_cat?post=200658"},{"taxonomy":"product_tag","embeddable":true,"href":"https:\/\/megacase.com\/de\/wp-json\/wp\/v2\/product_tag?post=200658"}],"curies":[{"name":"wp","href":"https:\/\/api.w.org\/{rel}","templated":true}]}}