{"id":200509,"date":"2021-01-28T21:03:31","date_gmt":"2021-01-28T20:03:31","guid":{"rendered":"https:\/\/megacase.com\/?post_type=product&#038;p=200509"},"modified":"2026-03-25T16:16:09","modified_gmt":"2026-03-25T15:16:09","slug":"trennwandset-fuer-kabelkoffer-54x33x21","status":"publish","type":"product","link":"https:\/\/megacase.com\/de\/produkt\/trennwandset-fuer-kabelkoffer-54x33x21\/","title":{"rendered":"Trennwandset f\u00fcr Kabelkoffer 54x33x21"},"content":{"rendered":"<p>passend f\u00fcr die Megacase Zubeh\u00f6rcases 54x21x33<br \/>\n(Art. 107221, Art. 107220, Art. 107222 und Art. 109064)<br \/>\neinfaches Stecksystem f\u00fcr werkzeuglose Montage<br \/>\nvariable Gr\u00f6\u00dfe der Fachungen<br \/>\naus 9 mm Birkenmultiplex<br \/>\ngerundete Kanten<br \/>\nenth\u00e4lt zwei Quer- und zwei L\u00e4ngstrennw\u00e4nde<br \/>\nmade in Germany<\/p>\n<p>&nbsp;<\/p>\n","protected":false},"excerpt":{"rendered":"<p>passend f\u00fcr die Megacase Zubeh\u00f6rcases 54x21x33 (Art. 107221, Art. 107220, Art. 107222 und Art. 109064) einfaches Stecksystem f\u00fcr werkzeuglose Montage<\/p>\n","protected":false},"featured_media":200526,"template":"","meta":{"_acf_changed":false},"product_brand":[],"product_cat":[13504],"product_tag":[],"class_list":{"0":"post-200509","1":"product","2":"type-product","3":"status-publish","4":"has-post-thumbnail","6":"product_cat-koffer-cases","8":"first","9":"instock","10":"taxable","11":"shipping-taxable","12":"purchasable","13":"product-type-simple"},"acf":[],"_links":{"self":[{"href":"https:\/\/megacase.com\/de\/wp-json\/wp\/v2\/product\/200509","targetHints":{"allow":["GET"]}}],"collection":[{"href":"https:\/\/megacase.com\/de\/wp-json\/wp\/v2\/product"}],"about":[{"href":"https:\/\/megacase.com\/de\/wp-json\/wp\/v2\/types\/product"}],"wp:featuredmedia":[{"embeddable":true,"href":"https:\/\/megacase.com\/de\/wp-json\/wp\/v2\/media\/200526"}],"wp:attachment":[{"href":"https:\/\/megacase.com\/de\/wp-json\/wp\/v2\/media?parent=200509"}],"wp:term":[{"taxonomy":"product_brand","embeddable":true,"href":"https:\/\/megacase.com\/de\/wp-json\/wp\/v2\/product_brand?post=200509"},{"taxonomy":"product_cat","embeddable":true,"href":"https:\/\/megacase.com\/de\/wp-json\/wp\/v2\/product_cat?post=200509"},{"taxonomy":"product_tag","embeddable":true,"href":"https:\/\/megacase.com\/de\/wp-json\/wp\/v2\/product_tag?post=200509"}],"curies":[{"name":"wp","href":"https:\/\/api.w.org\/{rel}","templated":true}]}}