{"id":200185,"date":"2021-01-28T13:34:11","date_gmt":"2021-01-28T12:34:11","guid":{"rendered":"https:\/\/megacase.com\/?post_type=product&#038;p=200185"},"modified":"2026-03-25T16:07:14","modified_gmt":"2026-03-25T15:07:14","slug":"mixercase-soundcraft-signature-12","status":"publish","type":"product","link":"https:\/\/megacase.com\/de\/produkt\/mixercase-soundcraft-signature-12\/","title":{"rendered":"Mixercase Soundcraft Signature 12"},"content":{"rendered":"<p>Haubencase f\u00fcr ein Mischpult Soundcraft Signature 12 \/ MTK<br \/>\naus 6,5 mm Birkenmultiplex Holz<br \/>\nPhenolharz beschichtet braun<br \/>\n25&#215;25 mm Alukante<br \/>\n2 Butterfly Verschl\u00fcsse<br \/>\n1 Koffergriff Kunstleder<br \/>\n8 Kugelecken<br \/>\n4 Gummif\u00fc\u00dfe 38&#215;20 mm f\u00fcr rutschsicheren Halt.<br \/>\nSchaumstoffpolsterung<br \/>\nDas Ger\u00e4t kann im Case bedient werden.<br \/>\nAu\u00dfenma\u00dfe BxTxH: 490x465x220 mm<br \/>\nGewicht: 5,7 kg<br \/>\nHergestellt in Deutschland<\/p>\n","protected":false},"excerpt":{"rendered":"<p>Haubencase f\u00fcr ein Mischpult Soundcraft Signature 12 \/ MTK aus 6,5 mm Birkenmultiplex Holz Phenolharz beschichtet braun 25&#215;25 mm Alukante<\/p>\n","protected":false},"featured_media":200186,"template":"","meta":{"_acf_changed":false},"product_brand":[],"product_cat":[13495],"product_tag":[],"class_list":{"0":"post-200185","1":"product","2":"type-product","3":"status-publish","4":"has-post-thumbnail","6":"product_cat-mischpult-cases","8":"first","9":"instock","10":"taxable","11":"shipping-taxable","12":"purchasable","13":"product-type-simple"},"acf":[],"_links":{"self":[{"href":"https:\/\/megacase.com\/de\/wp-json\/wp\/v2\/product\/200185","targetHints":{"allow":["GET"]}}],"collection":[{"href":"https:\/\/megacase.com\/de\/wp-json\/wp\/v2\/product"}],"about":[{"href":"https:\/\/megacase.com\/de\/wp-json\/wp\/v2\/types\/product"}],"wp:featuredmedia":[{"embeddable":true,"href":"https:\/\/megacase.com\/de\/wp-json\/wp\/v2\/media\/200186"}],"wp:attachment":[{"href":"https:\/\/megacase.com\/de\/wp-json\/wp\/v2\/media?parent=200185"}],"wp:term":[{"taxonomy":"product_brand","embeddable":true,"href":"https:\/\/megacase.com\/de\/wp-json\/wp\/v2\/product_brand?post=200185"},{"taxonomy":"product_cat","embeddable":true,"href":"https:\/\/megacase.com\/de\/wp-json\/wp\/v2\/product_cat?post=200185"},{"taxonomy":"product_tag","embeddable":true,"href":"https:\/\/megacase.com\/de\/wp-json\/wp\/v2\/product_tag?post=200185"}],"curies":[{"name":"wp","href":"https:\/\/api.w.org\/{rel}","templated":true}]}}